{"id":97,"date":"2014-02-28T15:28:30","date_gmt":"2014-02-28T13:28:30","guid":{"rendered":"http:\/\/37.230.106.43\/~alimcocu\/?page_id=97"},"modified":"2014-08-26T11:06:32","modified_gmt":"2014-08-26T08:06:32","slug":"kutuphane","status":"publish","type":"page","link":"https:\/\/www.alimcocuk.com.tr\/en\/dini-egitim\/kutuphane\/","title":{"rendered":"Library"},"content":{"rendered":"<p><iframe loading=\"lazy\" src=\"\/\/player.vimeo.com\/video\/104295663?color=ff0179&amp;autoplay=1&amp;loop=1\" width=\"850\" height=\"478\" frameborder=\"0\" allowfullscreen=\"allowfullscreen\"><\/iframe><\/p>\n<p><a href=\"http:\/\/vimeo.com\/104295663\">K\u00fct\u00fcphane &#8211; Alim \u00c7ocuk 3 B\u00f6l\u00fcmleri<\/a> from <a href=\"http:\/\/vimeo.com\/user8405640\">goldsoft<\/a> on <a href=\"https:\/\/vimeo.com\">Vimeo<\/a>.<\/p>\n<p>Bu b\u00f6l\u00fcmde programda i\u00e7erisinde bulunan Elif-Ba, Namaz Hocas\u0131, Sure ve Dualar ve Sesli Kitaplar\u0131 e-kitap olarak a\u00e7\u0131p okuyabilirsiniz. Bunun d\u0131\u015f\u0131nda resim gibi bir\u00e7ok \u015fey de bulabilirsiniz.<\/p>\n<p>http:\/\/www.alimcocuk.com.tr<\/p>\n<p>&nbsp;<\/p>","protected":false},"excerpt":{"rendered":"<p>K\u00fct\u00fcphane &#8211; Alim \u00c7ocuk 3 B\u00f6l\u00fcmleri from goldsoft on Vimeo. Bu b\u00f6l\u00fcmde programda i\u00e7erisinde bulunan Elif-Ba, Namaz Hocas\u0131, Sure ve<\/p>","protected":false},"author":1,"featured_media":0,"parent":55,"menu_order":0,"comment_status":"open","ping_status":"open","template":"page-template-full.php","meta":{"footnotes":"","_joinchat":[]},"aioseo_notices":[],"_links":{"self":[{"href":"https:\/\/www.alimcocuk.com.tr\/en\/wp-json\/wp\/v2\/pages\/97"}],"collection":[{"href":"https:\/\/www.alimcocuk.com.tr\/en\/wp-json\/wp\/v2\/pages"}],"about":[{"href":"https:\/\/www.alimcocuk.com.tr\/en\/wp-json\/wp\/v2\/types\/page"}],"author":[{"embeddable":true,"href":"https:\/\/www.alimcocuk.com.tr\/en\/wp-json\/wp\/v2\/users\/1"}],"replies":[{"embeddable":true,"href":"https:\/\/www.alimcocuk.com.tr\/en\/wp-json\/wp\/v2\/comments?post=97"}],"version-history":[{"count":0,"href":"https:\/\/www.alimcocuk.com.tr\/en\/wp-json\/wp\/v2\/pages\/97\/revisions"}],"up":[{"embeddable":true,"href":"https:\/\/www.alimcocuk.com.tr\/en\/wp-json\/wp\/v2\/pages\/55"}],"wp:attachment":[{"href":"https:\/\/www.alimcocuk.com.tr\/en\/wp-json\/wp\/v2\/media?parent=97"}],"curies":[{"name":"wp","href":"https:\/\/api.w.org\/{rel}","templated":true}]}}