{"id":95,"date":"2014-02-28T15:26:34","date_gmt":"2014-02-28T13:26:34","guid":{"rendered":"http:\/\/37.230.106.43\/~alimcocu\/?page_id=95"},"modified":"2014-08-26T11:05:43","modified_gmt":"2014-08-26T08:05:43","slug":"masallar","status":"publish","type":"page","link":"https:\/\/www.alimcocuk.com.tr\/en\/dini-egitim\/masallar\/","title":{"rendered":"Masallar"},"content":{"rendered":"<p><iframe loading=\"lazy\" src=\"\/\/player.vimeo.com\/video\/104295664?color=ff0179&amp;autoplay=1&amp;loop=1\" width=\"850\" height=\"478\" frameborder=\"0\" allowfullscreen=\"allowfullscreen\"><\/iframe><\/p>\n<p><a href=\"http:\/\/vimeo.com\/104295664\">Masallar &#8211; Alim \u00c7ocuk 3 B\u00f6l\u00fcmleri<\/a> from <a href=\"http:\/\/vimeo.com\/user8405640\">goldsoft<\/a> on <a href=\"https:\/\/vimeo.com\">Vimeo<\/a>.<\/p>\n<p>Birbirinden ilgin\u00e7, e\u011flenceli ve \u00f6\u011fretici masallar bu b\u00f6l\u00fcmde sesli, hareketli ve resimli olarak anlat\u0131lmaktad\u0131r.<\/p>\n<p>http:\/\/www.alimcocuk.com.tr<\/p>","protected":false},"excerpt":{"rendered":"<p>Masallar &#8211; Alim \u00c7ocuk 3 B\u00f6l\u00fcmleri from goldsoft on Vimeo. Birbirinden ilgin\u00e7, e\u011flenceli ve \u00f6\u011fretici masallar bu b\u00f6l\u00fcmde sesli, hareketli<\/p>","protected":false},"author":1,"featured_media":0,"parent":55,"menu_order":0,"comment_status":"closed","ping_status":"open","template":"page-template-full.php","meta":{"footnotes":"","_joinchat":[]},"aioseo_notices":[],"_links":{"self":[{"href":"https:\/\/www.alimcocuk.com.tr\/en\/wp-json\/wp\/v2\/pages\/95"}],"collection":[{"href":"https:\/\/www.alimcocuk.com.tr\/en\/wp-json\/wp\/v2\/pages"}],"about":[{"href":"https:\/\/www.alimcocuk.com.tr\/en\/wp-json\/wp\/v2\/types\/page"}],"author":[{"embeddable":true,"href":"https:\/\/www.alimcocuk.com.tr\/en\/wp-json\/wp\/v2\/users\/1"}],"replies":[{"embeddable":true,"href":"https:\/\/www.alimcocuk.com.tr\/en\/wp-json\/wp\/v2\/comments?post=95"}],"version-history":[{"count":0,"href":"https:\/\/www.alimcocuk.com.tr\/en\/wp-json\/wp\/v2\/pages\/95\/revisions"}],"up":[{"embeddable":true,"href":"https:\/\/www.alimcocuk.com.tr\/en\/wp-json\/wp\/v2\/pages\/55"}],"wp:attachment":[{"href":"https:\/\/www.alimcocuk.com.tr\/en\/wp-json\/wp\/v2\/media?parent=95"}],"curies":[{"name":"wp","href":"https:\/\/api.w.org\/{rel}","templated":true}]}}