{"id":91,"date":"2014-02-28T15:22:08","date_gmt":"2014-02-28T13:22:08","guid":{"rendered":"http:\/\/37.230.106.43\/~alimcocu\/?page_id=91"},"modified":"2014-08-26T11:12:17","modified_gmt":"2014-08-26T08:12:17","slug":"hacca-gidiyorum","status":"publish","type":"page","link":"https:\/\/www.alimcocuk.com.tr\/en\/dini-egitim\/hacca-gidiyorum\/","title":{"rendered":"Hacca Gidiyorum"},"content":{"rendered":"<p><iframe loading=\"lazy\" src=\"\/\/player.vimeo.com\/video\/104295657?color=ff0179&amp;autoplay=1&amp;loop=1\" width=\"850\" height=\"478\" frameborder=\"0\" webkitallowfullscreen mozallowfullscreen allowfullscreen><\/iframe> <\/p>\n<p><a href=\"http:\/\/vimeo.com\/104295657\">Hacca Gidiyorum &#8211; Alim \u00c7ocuk 3 B\u00f6l\u00fcmleri<\/a> from <a href=\"http:\/\/vimeo.com\/user8405640\">goldsoft<\/a> on <a href=\"https:\/\/vimeo.com\">Vimeo<\/a>.<\/p>\n<p>Bu b&ouml;l&uuml;mde &acirc;deta hacca gidecek ve hacca dair &ouml;\u011frenilmesi gereken bir&ccedil;ok &ouml;nemli bilgileri &ouml;\u011frenmi\u015f olacaks\u0131n\u0131z. Hac nedir, kimler hacca gider, K&acirc;be, tavaf, Arafat gibi konular bu b&ouml;l&uuml;mde anlat\u0131lacak konulardan baz\u0131lar\u0131d\u0131r.<br \/> Ekrana gelen resimli men&uuml;den istedi\u011finiz konuyu se&ccedil;ebilir ve &ouml;\u011frenmeye ba\u015flayabilirsiniz.<\/p>\n<p> http:\/\/www.alimcocuk.com.tr<\/p>","protected":false},"excerpt":{"rendered":"<p>Hacca Gidiyorum &#8211; Alim \u00c7ocuk 3 B\u00f6l\u00fcmleri from goldsoft on Vimeo. Bu b&ouml;l&uuml;mde &acirc;deta hacca gidecek ve hacca dair &ouml;\u011frenilmesi<\/p>","protected":false},"author":1,"featured_media":0,"parent":55,"menu_order":0,"comment_status":"closed","ping_status":"open","template":"page-template-full.php","meta":{"footnotes":"","_joinchat":[]},"aioseo_notices":[],"_links":{"self":[{"href":"https:\/\/www.alimcocuk.com.tr\/en\/wp-json\/wp\/v2\/pages\/91"}],"collection":[{"href":"https:\/\/www.alimcocuk.com.tr\/en\/wp-json\/wp\/v2\/pages"}],"about":[{"href":"https:\/\/www.alimcocuk.com.tr\/en\/wp-json\/wp\/v2\/types\/page"}],"author":[{"embeddable":true,"href":"https:\/\/www.alimcocuk.com.tr\/en\/wp-json\/wp\/v2\/users\/1"}],"replies":[{"embeddable":true,"href":"https:\/\/www.alimcocuk.com.tr\/en\/wp-json\/wp\/v2\/comments?post=91"}],"version-history":[{"count":0,"href":"https:\/\/www.alimcocuk.com.tr\/en\/wp-json\/wp\/v2\/pages\/91\/revisions"}],"up":[{"embeddable":true,"href":"https:\/\/www.alimcocuk.com.tr\/en\/wp-json\/wp\/v2\/pages\/55"}],"wp:attachment":[{"href":"https:\/\/www.alimcocuk.com.tr\/en\/wp-json\/wp\/v2\/media?parent=91"}],"curies":[{"name":"wp","href":"https:\/\/api.w.org\/{rel}","templated":true}]}}