{"id":87,"date":"2014-02-28T15:10:00","date_gmt":"2014-02-28T13:10:00","guid":{"rendered":"http:\/\/37.230.106.43\/~alimcocu\/?page_id=87"},"modified":"2014-08-26T11:18:29","modified_gmt":"2014-08-26T08:18:29","slug":"rabbimi-cok-seviyorum","status":"publish","type":"page","link":"https:\/\/www.alimcocuk.com.tr\/en\/dini-egitim\/rabbimi-cok-seviyorum\/","title":{"rendered":"Rabbimi \u00c7ok Seviyorum"},"content":{"rendered":"<p><iframe loading=\"lazy\" width=\"853\" height=\"480\" src=\"\/\/www.youtube.com\/embed\/xG5wQVaJAAg\" frameborder=\"0\" allowfullscreen><\/iframe><br \/>\nBu b\u00f6l\u00fcmde bizi ve b\u00fct\u00fcn k\u00e2inat\u0131 yaratan y\u00fcce Rabbimizi tan\u0131yacak ve O\u2019nun g\u00fczel isimlerini \u00f6\u011freneceksiniz.<\/p>\n<p>http:\/\/www.alimcocuk.com.tr<\/p>","protected":false},"excerpt":{"rendered":"<p>Bu b\u00f6l\u00fcmde bizi ve b\u00fct\u00fcn k\u00e2inat\u0131 yaratan y\u00fcce Rabbimizi tan\u0131yacak ve O\u2019nun g\u00fczel isimlerini \u00f6\u011freneceksiniz. http:\/\/www.alimcocuk.com.tr<\/p>","protected":false},"author":1,"featured_media":0,"parent":55,"menu_order":0,"comment_status":"open","ping_status":"open","template":"page-template-full.php","meta":{"footnotes":"","_joinchat":[]},"aioseo_notices":[],"_links":{"self":[{"href":"https:\/\/www.alimcocuk.com.tr\/en\/wp-json\/wp\/v2\/pages\/87"}],"collection":[{"href":"https:\/\/www.alimcocuk.com.tr\/en\/wp-json\/wp\/v2\/pages"}],"about":[{"href":"https:\/\/www.alimcocuk.com.tr\/en\/wp-json\/wp\/v2\/types\/page"}],"author":[{"embeddable":true,"href":"https:\/\/www.alimcocuk.com.tr\/en\/wp-json\/wp\/v2\/users\/1"}],"replies":[{"embeddable":true,"href":"https:\/\/www.alimcocuk.com.tr\/en\/wp-json\/wp\/v2\/comments?post=87"}],"version-history":[{"count":0,"href":"https:\/\/www.alimcocuk.com.tr\/en\/wp-json\/wp\/v2\/pages\/87\/revisions"}],"up":[{"embeddable":true,"href":"https:\/\/www.alimcocuk.com.tr\/en\/wp-json\/wp\/v2\/pages\/55"}],"wp:attachment":[{"href":"https:\/\/www.alimcocuk.com.tr\/en\/wp-json\/wp\/v2\/media?parent=87"}],"curies":[{"name":"wp","href":"https:\/\/api.w.org\/{rel}","templated":true}]}}