{"id":79,"date":"2014-02-28T14:57:36","date_gmt":"2014-02-28T12:57:36","guid":{"rendered":"http:\/\/37.230.106.43\/~alimcocu\/?page_id=79"},"modified":"2014-08-26T11:14:36","modified_gmt":"2014-08-26T08:14:36","slug":"canim-peygamberim","status":"publish","type":"page","link":"https:\/\/www.alimcocuk.com.tr\/en\/dini-egitim\/canim-peygamberim\/","title":{"rendered":"My Dear Prophet"},"content":{"rendered":"<p><iframe loading=\"lazy\" src=\"\/\/player.vimeo.com\/video\/104293844?color=ff0179&amp;autoplay=1&amp;loop=1\" width=\"850\" height=\"478\" frameborder=\"0\" webkitallowfullscreen mozallowfullscreen allowfullscreen><\/iframe> <\/p>\n<p><a href=\"http:\/\/vimeo.com\/104293844\">Can\u0131m Peygamberim &#8211; Alim \u00c7ocuk 3 B\u00f6l\u00fcmleri<\/a> from <a href=\"http:\/\/vimeo.com\/user8405640\">goldsoft<\/a> on <a href=\"https:\/\/vimeo.com\">Vimeo<\/a>.<\/p>\n<p>Peygamber Efendimiz (S.A.V.)&#039;in hayat\u0131 tarihsel s\u0131ralama i&ccedil;inde b&ouml;l&uuml;mlere ayr\u0131lm\u0131\u015ft\u0131r. Ekrandaki her kare bir b&ouml;l&uuml;me ait olup, s\u0131ralamaya uygun olarak verilmi\u015ftir.<\/p>\n<p> http:\/\/www.alimcocuk.com.tr<\/p>","protected":false},"excerpt":{"rendered":"<p>Can\u0131m Peygamberim &#8211; Alim \u00c7ocuk 3 B\u00f6l\u00fcmleri from goldsoft on Vimeo. Peygamber Efendimiz (S.A.V.)&#039;in hayat\u0131 tarihsel s\u0131ralama i&ccedil;inde b&ouml;l&uuml;mlere ayr\u0131lm\u0131\u015ft\u0131r.<\/p>","protected":false},"author":1,"featured_media":0,"parent":55,"menu_order":0,"comment_status":"closed","ping_status":"open","template":"page-template-full.php","meta":{"footnotes":"","_joinchat":[]},"aioseo_notices":[],"_links":{"self":[{"href":"https:\/\/www.alimcocuk.com.tr\/en\/wp-json\/wp\/v2\/pages\/79"}],"collection":[{"href":"https:\/\/www.alimcocuk.com.tr\/en\/wp-json\/wp\/v2\/pages"}],"about":[{"href":"https:\/\/www.alimcocuk.com.tr\/en\/wp-json\/wp\/v2\/types\/page"}],"author":[{"embeddable":true,"href":"https:\/\/www.alimcocuk.com.tr\/en\/wp-json\/wp\/v2\/users\/1"}],"replies":[{"embeddable":true,"href":"https:\/\/www.alimcocuk.com.tr\/en\/wp-json\/wp\/v2\/comments?post=79"}],"version-history":[{"count":0,"href":"https:\/\/www.alimcocuk.com.tr\/en\/wp-json\/wp\/v2\/pages\/79\/revisions"}],"up":[{"embeddable":true,"href":"https:\/\/www.alimcocuk.com.tr\/en\/wp-json\/wp\/v2\/pages\/55"}],"wp:attachment":[{"href":"https:\/\/www.alimcocuk.com.tr\/en\/wp-json\/wp\/v2\/media?parent=79"}],"curies":[{"name":"wp","href":"https:\/\/api.w.org\/{rel}","templated":true}]}}