{"id":69,"date":"2014-02-28T14:53:05","date_gmt":"2014-02-28T12:53:05","guid":{"rendered":"http:\/\/37.230.106.43\/~alimcocu\/?page_id=69"},"modified":"2014-08-26T11:17:04","modified_gmt":"2014-08-26T08:17:04","slug":"peygamberler-tarihi","status":"publish","type":"page","link":"https:\/\/www.alimcocuk.com.tr\/en\/dini-egitim\/peygamberler-tarihi\/","title":{"rendered":"Peygamberler Tarihi"},"content":{"rendered":"<p><iframe loading=\"lazy\" width=\"853\" height=\"480\" src=\"\/\/www.youtube.com\/embed\/GO2lzqKDqYc\" frameborder=\"0\" allowfullscreen><\/iframe><br \/>\nBu b\u00f6l\u00fcmde k\u00e2inat\u0131n ve i\u00e7indeki varl\u0131klar\u0131n gayesini \u0130l\u00e2h\u00ee emirler \u0131\u015f\u0131\u011f\u0131nda insanlara a\u00e7\u0131klayan Peygamberlerin \u00f6rnek hayatlar\u0131, de\u011ferli h\u00e2t\u0131ralar\u0131 ve \u00f6zverili hizmetleri sunulmaktad\u0131r.<br \/>\nKur&#8217;\u00e2n&#8217;daki Peygamber \u00f6yk\u00fcleri esas al\u0131nmak suretiyle haz\u0131rlanan metinde, Kur&#8217;an&#8217;da zikredilen k\u0131ssalardaki b\u00fct\u00fcn merakl\u0131 ve ilgi \u00e7ekici noktalar, ders al\u0131nmas\u0131 gereken y\u00f6nler ortaya konulmu\u015ftur.<\/p>\n<p>http:\/\/www.alimcocuk.com.tr<\/p>","protected":false},"excerpt":{"rendered":"<p>Bu b\u00f6l\u00fcmde k\u00e2inat\u0131n ve i\u00e7indeki varl\u0131klar\u0131n gayesini \u0130l\u00e2h\u00ee emirler \u0131\u015f\u0131\u011f\u0131nda insanlara a\u00e7\u0131klayan Peygamberlerin \u00f6rnek hayatlar\u0131, de\u011ferli h\u00e2t\u0131ralar\u0131 ve \u00f6zverili hizmetleri<\/p>","protected":false},"author":1,"featured_media":0,"parent":55,"menu_order":0,"comment_status":"closed","ping_status":"open","template":"page-template-full.php","meta":{"footnotes":"","_joinchat":[]},"aioseo_notices":[],"_links":{"self":[{"href":"https:\/\/www.alimcocuk.com.tr\/en\/wp-json\/wp\/v2\/pages\/69"}],"collection":[{"href":"https:\/\/www.alimcocuk.com.tr\/en\/wp-json\/wp\/v2\/pages"}],"about":[{"href":"https:\/\/www.alimcocuk.com.tr\/en\/wp-json\/wp\/v2\/types\/page"}],"author":[{"embeddable":true,"href":"https:\/\/www.alimcocuk.com.tr\/en\/wp-json\/wp\/v2\/users\/1"}],"replies":[{"embeddable":true,"href":"https:\/\/www.alimcocuk.com.tr\/en\/wp-json\/wp\/v2\/comments?post=69"}],"version-history":[{"count":0,"href":"https:\/\/www.alimcocuk.com.tr\/en\/wp-json\/wp\/v2\/pages\/69\/revisions"}],"up":[{"embeddable":true,"href":"https:\/\/www.alimcocuk.com.tr\/en\/wp-json\/wp\/v2\/pages\/55"}],"wp:attachment":[{"href":"https:\/\/www.alimcocuk.com.tr\/en\/wp-json\/wp\/v2\/media?parent=69"}],"curies":[{"name":"wp","href":"https:\/\/api.w.org\/{rel}","templated":true}]}}