{"id":67,"date":"2014-02-27T16:04:19","date_gmt":"2014-02-27T14:04:19","guid":{"rendered":"http:\/\/37.230.106.43\/~alimcocu\/?page_id=67"},"modified":"2014-08-26T11:16:13","modified_gmt":"2014-08-26T08:16:13","slug":"sureler-ve-dualar","status":"publish","type":"page","link":"https:\/\/www.alimcocuk.com.tr\/en\/dini-egitim\/sureler-ve-dualar\/","title":{"rendered":"Surahs and Prayers"},"content":{"rendered":"<p><iframe loading=\"lazy\" src=\"\/\/www.youtube.com\/embed\/DLGF7z6wY0Y\" width=\"853\" height=\"480\" frameborder=\"0\" allowfullscreen=\"allowfullscreen\"><\/iframe><br \/>\nIn this section, you can find frequently used surahs, ashir and prayers, especially those recited in prayers, together with their translations. By following the Arabic recitation with the arrow, you can improve what you have learned in the Elif-Ba and Namaz Hocas\u0131 section and memorize.<\/p>\n<p>http:\/\/www.alimcocuk.com.tr<\/p>","protected":false},"excerpt":{"rendered":"<p>Bu b\u00f6l\u00fcmde \u00f6zellikle namazlarda okunan ve s\u0131k kullan\u0131lan sure, a\u015fir ve dualar\u0131 mealleriyle birlikte bulabilirsiniz. Arap\u00e7a okuyu\u015fu ok ile takip<\/p>","protected":false},"author":1,"featured_media":0,"parent":55,"menu_order":10,"comment_status":"closed","ping_status":"open","template":"page-template-full.php","meta":{"footnotes":"","_joinchat":[]},"aioseo_notices":[],"_links":{"self":[{"href":"https:\/\/www.alimcocuk.com.tr\/en\/wp-json\/wp\/v2\/pages\/67"}],"collection":[{"href":"https:\/\/www.alimcocuk.com.tr\/en\/wp-json\/wp\/v2\/pages"}],"about":[{"href":"https:\/\/www.alimcocuk.com.tr\/en\/wp-json\/wp\/v2\/types\/page"}],"author":[{"embeddable":true,"href":"https:\/\/www.alimcocuk.com.tr\/en\/wp-json\/wp\/v2\/users\/1"}],"replies":[{"embeddable":true,"href":"https:\/\/www.alimcocuk.com.tr\/en\/wp-json\/wp\/v2\/comments?post=67"}],"version-history":[{"count":0,"href":"https:\/\/www.alimcocuk.com.tr\/en\/wp-json\/wp\/v2\/pages\/67\/revisions"}],"up":[{"embeddable":true,"href":"https:\/\/www.alimcocuk.com.tr\/en\/wp-json\/wp\/v2\/pages\/55"}],"wp:attachment":[{"href":"https:\/\/www.alimcocuk.com.tr\/en\/wp-json\/wp\/v2\/media?parent=67"}],"curies":[{"name":"wp","href":"https:\/\/api.w.org\/{rel}","templated":true}]}}