{"id":59,"date":"2014-02-27T09:27:33","date_gmt":"2014-02-27T07:27:33","guid":{"rendered":"http:\/\/www.alimcocuk.com.tr\/alimcocuk\/wordpress\/?page_id=59"},"modified":"2015-03-02T16:29:59","modified_gmt":"2015-03-02T14:29:59","slug":"oyun-bahcesi","status":"publish","type":"page","link":"https:\/\/www.alimcocuk.com.tr\/en\/oyun-bahcesi\/","title":{"rendered":"Playground"},"content":{"rendered":"[yt4wp-video video_id=&#8221;D7W9rCxsdB4&#8243;]\n<h3><span style=\"color: #993300;\">Haydi \u00e7ocuklar oyun oynamaya!..<\/span><br \/>\n<span style=\"color: #993300;\"> Bu b\u00f6l\u00fcmde sizler i\u00e7in birbirinden g\u00fczel tam 30 oyun haz\u0131rlanm\u0131\u015ft\u0131r. Bu oyunlar\u0131 oynarken hem dinlenecek hem e\u011flenecek hem de kendinizi geli\u015ftireceksiniz.<\/span><\/h3>\n<p><a href=\"https:\/\/www.alimcocuk.com.tr\/en\/\">http:\/\/www.alimcocuk.com.tr<\/a><\/p>\n<h1>Playground<\/h1>\n<ol>\n<li>Coloring Book<br \/>\nBu oyunda size verilen resmi, ekran\u0131n sa\u011f\u0131nda g\u00f6sterildi\u011fi gibi boyaman\u0131z istenmektedir.<\/li>\n<li>Hidden Picture<\/li>\n<\/ol>\n<p>Bu oyunda \u00e7e\u015fitli karma\u015f\u0131k \u015fekillerin i\u00e7erisine gizlenmi\u015f bir resmi ortaya \u00e7\u0131karman\u0131z isteniyor. Tek yapman\u0131z gereken noktalar\u0131n bulundu\u011fu alanlar\u0131 t\u0131klamak\u2026<\/p>\n<ol start=\"3\">\n<li>Hide and Seek<br \/>\nBu oyunda ekrandaki resmin i\u00e7erisinde gizlenmi\u015f nesneleri bulmaya \u00e7al\u0131\u015facaks\u0131n\u0131z. Buldu\u011funuzda nesnenin \u00fczerine t\u0131klaman\u0131z yeterli<\/li>\n<li>Maze<br \/>\nEkrana gelen dolamba\u00e7l\u0131 ve kar\u0131\u015f\u0131k yollarda do\u011fru y\u00f6nden giderek biti\u015f noktas\u0131na ula\u015f\u0131lmaya \u00e7al\u0131\u015f\u0131l\u0131r.<\/li>\n<li>Dot Connect<br \/>\nBu oyunda amac\u0131n\u0131z numaraland\u0131r\u0131lm\u0131\u015f mavi noktalara s\u0131rayla t\u0131klayarak bir resim olu\u015fturmakt\u0131r. Numaraland\u0131r\u0131lm\u0131\u015f noktalar\u0131 s\u0131f\u0131rdan ba\u015flayarak i\u015faretledi\u011finizde bakal\u0131m nas\u0131l bir resim ile kar\u015f\u0131la\u015facaks\u0131n\u0131z?..<\/li>\n<li>Memory Test<br \/>\nBu bir haf\u0131za ve dikkat oyunudur. Ekranda g\u00f6r\u00fclen karelerin e\u015flerini en k\u0131sa s\u00fcrede bulup i\u015faretlemeniz gerekir. T\u00fcm kareler e\u015fle\u015ftirildi\u011finde oyun tamamlanm\u0131\u015f olur.<\/li>\n<li>Word Puzzle<br \/>\nKutular i\u00e7erisine kar\u0131\u015f\u0131k olarak yerle\u015ftirilen kelimeleri bulma oyunu&#8230;<\/li>\n<li>Sentence Formation<br \/>\nKelimeleri kar\u0131\u015f\u0131k yerle\u015ftirilmi\u015f bir c\u00fcmleyi do\u011fru bir \u015fekilde kurma oyunu&#8230;<\/li>\n<li>Quiz Game<br \/>\nBilginizi s\u0131nay\u0131p yeni \u015feyler \u00f6\u011frenece\u011finiz dini alanda haz\u0131rlanm\u0131\u015f k\u00fc\u00e7\u00fck s\u0131navlar&#8230;<\/li>\n<li>Square Puzzle<br \/>\nBilginizi s\u0131nayacak \u00e7ok say\u0131da ve farkl\u0131 d\u00fczeylerde kare bulmacalar&#8230;<\/li>\n<li>Colorful Eggs<br \/>\nBu e\u011flenceli oyunda en y\u00fcksek puan\u0131 almak i\u00e7in yukar\u0131dan d\u00fc\u015fen zaman ve puan kazand\u0131ran yumurtalar\u0131 yakalaman\u0131z; zaman ve puan kaybettiren yumurtalardan ise ka\u00e7\u0131nman\u0131z gerekiyor.<\/li>\n<li>Ping Pong<br \/>\nBu oyunda size g\u00f6nderilen topu ka\u00e7\u0131rmadan kar\u015f\u0131 tarafa g\u00f6ndermeniz gerekiyor. Ayr\u0131ca her vuru\u015f sizin i\u00e7in puan demektir.<\/li>\n<li>Exploding Balls<br \/>\nBu oyunda alt alta veya yan yana olan ayn\u0131 renkteki toplar\u0131 se\u00e7meniz ve bu \u015fekilde onlar\u0131 patlatman\u0131z gerekiyor.<\/li>\n<li>Kedi tut Fare Ka\u00e7<br \/>\nBu oyunda y\u00f6n tu\u015flar\u0131n\u0131 kullanarak Kedilerden ka\u00e7mal\u0131s\u0131n\u0131z. Peynirleri yiyerek puanlar\u0131n\u0131z\u0131 art\u0131r\u0131n. Bir sonraki b\u00f6l\u00fcm sizi bekliyor. Unutmay\u0131n kedilere yakalanmadan peynirlerin hepsini yemelisiniz.<\/li>\n<li>Escape from the Cave<br \/>\nIn this exciting game, you need to progress without falling into the gaps and collect the gold coins.<\/li>\n<li>Picture Notebook<br \/>\nKalem, f\u0131r\u00e7a, boya, k\u00fc\u00e7\u00fck \u015fekil ve haz\u0131r resimlerle \u00e7e\u015fit \u00e7e\u015fit resimler yapabilece\u011finiz bilgisayar\u0131n\u0131zdaki resim defteriniz&#8230;<\/li>\n<li>Find the Difference<br \/>\nBu oyunda resimler aras\u0131ndaki farklar\u0131 bularak dikkatinizi \u00f6l\u00e7eceksiniz.<\/li>\n<li>Yap-boz<br \/>\nBu oyunda amac\u0131n\u0131z ekran\u0131n sa\u011f\u0131nda g\u00f6sterilen resmi, verilen par\u00e7alar\u0131 do\u011fru yerlerine yerle\u015ftirerek olu\u015fturmakt\u0131r.<\/li>\n<li>Square Jigsaw Puzzle<br \/>\nBu oyunda kar\u0131\u015f\u0131k yerle\u015ftirilmi\u015f par\u00e7alar\u0131 do\u011fru yerlerine getirerek verilen resmi olu\u015fturman\u0131z gerekmektedir.<\/li>\n<li>Archer<br \/>\n\u0130ki tarza sahip bu oyunda size verilen hedefleri vurman\u0131z gerekmektedir.<br \/>\nOyunda iki tarz vard\u0131r. Birincisinde balonlar\u0131, ikincisinde ise hedef tahtas\u0131n\u0131 vurmaya \u00e7al\u0131\u015f\u0131rs\u0131n\u0131z.<\/li>\n<li>Ottoman Battery<br \/>\nBu oyunda elinizdeki renkli toplar\u0131 yukar\u0131dan gelen toplara atarak onlar\u0131 patlatmaya \u00e7al\u0131\u015f\u0131rs\u0131n\u0131z.<\/li>\n<li>Burn the Ball<br \/>\nBu oyunda \u00e7ubu\u011funuzla sektirdi\u011finiz topu kullanarak yukar\u0131daki ta\u015flar\u0131 patlatman\u0131z gerekiyor.<\/li>\n<li>\u00dc\u00e7-Be\u015f Top<br \/>\nBu oyunda yapman\u0131z gereken soldan-sa\u011fa, yukar\u0131dan-a\u015fa\u011f\u0131ya veya \u00e7apraz olarak artarda be\u015f kareyi rakibinizden \u00f6nce i\u015faretlemektir. Bilgisayara kar\u015f\u0131 veya iki ki\u015fi ile bu oyunu oynayabilirsiniz.<\/li>\n<li>Tetris<br \/>\nBu oyunda d\u00fc\u015fen par\u00e7alar\u0131 m\u00fcmk\u00fcn oldu\u011funca bo\u015fluk b\u0131rakmadan alt k\u0131sma yerle\u015ftirmeniz gerekiyor. B\u00f6ylece daha \u00e7ok puan alabilirsiniz.<\/li>\n<li>Slingshot<br \/>\nBu oyunda sapanla belirli say\u0131daki toplar\u0131 kullanarak kutular\u0131n hepsini a\u015fa\u011f\u0131ya d\u00fc\u015f\u00fcrmeniz gerekiyor. Topu tutun, \u00e7ekin, y\u00f6n\u00fc belirleyin ve b\u0131rak\u0131n.<\/li>\n<li>Snowball Fight<br \/>\nBu oyunda size a\u011fa\u00e7lar\u0131n aras\u0131ndan kartopu atmaya \u00e7al\u0131\u015fan \u00e7ocu\u011fa, ondan \u00f6nce sizin kartopu atman\u0131z gerekiyor. Hedefi ona y\u00f6neltin ve at\u0131\u015f\u0131n\u0131z\u0131 yap\u0131n.<\/li>\n<li>Ham Ham<br \/>\nBu oyunda sizden k\u00fc\u00e7\u00fck bal\u0131klar\u0131 yiyerek ilerlemeniz isteniyor. E\u011fer sizden b\u00fcy\u00fckleri yerseniz bu sefer can kaybedersiniz.<br \/>\nOyunun hik\u00e2yesi Siz okyanusta kaybolmu\u015f Kahraman olarak bilinen k\u00fc\u00e7\u00fck bir piranas\u0131n\u0131z. Kahraman\u2019a ailesini bulmaya \u00e7al\u0131\u015ft\u0131\u011f\u0131 bu uzun yolculu\u011funda seviyeleri tamamlamas\u0131 i\u00e7in yard\u0131m etmelisiniz. Ama bu o kadar kolay olmayacak.<br \/>\nBu yolda Kahraman b\u00fcy\u00fcmek i\u00e7im bal\u0131k yemeli, ama ayn\u0131 zamanda daha b\u00fcy\u00fck veya daha g\u00fc\u00e7l\u00fc deniz hayvanlar\u0131 taraf\u0131ndan da yenmemeye dikkat etmesi laz\u0131m.<\/li>\n<li>Balance Ball<br \/>\nBu oyunda topu zeminden d\u00fc\u015f\u00fcrmeden son noktaya ula\u015ft\u0131rman\u0131z ve bu arada da puan ve canlar\u0131 toplaman\u0131z gerekiyor.<\/li>\n<li>Off-Road Racing<br \/>\nIn this thrilling game, you have to reach the finish line by overcoming challenging obstacles with your off-road vehicle.<\/li>\n<li>Z\u0131p Z\u0131p<\/li>\n<\/ol>\n<p>Bu oyunda z\u0131p z\u0131p aletiyle z\u0131playarak puanlar\u0131 alman\u0131z gerekiyor.<\/p>\n<p>&nbsp;<\/p>","protected":false},"excerpt":{"rendered":"<p>[yt4wp-video video_id=&#8221;D7W9rCxsdB4&#8243;] Haydi \u00e7ocuklar oyun oynamaya!.. Bu b\u00f6l\u00fcmde sizler i\u00e7in birbirinden g\u00fczel tam 30 oyun haz\u0131rlanm\u0131\u015ft\u0131r. Bu oyunlar\u0131 oynarken hem<\/p>","protected":false},"author":1,"featured_media":0,"parent":0,"menu_order":0,"comment_status":"closed","ping_status":"closed","template":"page-template-full.php","meta":{"footnotes":"","_joinchat":[]},"aioseo_notices":[],"_links":{"self":[{"href":"https:\/\/www.alimcocuk.com.tr\/en\/wp-json\/wp\/v2\/pages\/59"}],"collection":[{"href":"https:\/\/www.alimcocuk.com.tr\/en\/wp-json\/wp\/v2\/pages"}],"about":[{"href":"https:\/\/www.alimcocuk.com.tr\/en\/wp-json\/wp\/v2\/types\/page"}],"author":[{"embeddable":true,"href":"https:\/\/www.alimcocuk.com.tr\/en\/wp-json\/wp\/v2\/users\/1"}],"replies":[{"embeddable":true,"href":"https:\/\/www.alimcocuk.com.tr\/en\/wp-json\/wp\/v2\/comments?post=59"}],"version-history":[{"count":0,"href":"https:\/\/www.alimcocuk.com.tr\/en\/wp-json\/wp\/v2\/pages\/59\/revisions"}],"wp:attachment":[{"href":"https:\/\/www.alimcocuk.com.tr\/en\/wp-json\/wp\/v2\/media?parent=59"}],"curies":[{"name":"wp","href":"https:\/\/api.w.org\/{rel}","templated":true}]}}