{"id":2388,"date":"2019-02-26T14:51:52","date_gmt":"2019-02-26T11:51:52","guid":{"rendered":"https:\/\/www.alimcocuk.com.tr\/?page_id=2388"},"modified":"2019-02-28T17:42:38","modified_gmt":"2019-02-28T14:42:38","slug":"detay","status":"publish","type":"page","link":"https:\/\/www.alimcocuk.com.tr\/en\/detay\/","title":{"rendered":"Alim \u00c7ocuk 3"},"content":{"rendered":"[vc_row][vc_column width=&#8221;1\/2&#8243;][vc_column_text]\n<p style=\"text-align: left;\"><b>Yeni versiyon huzurlar\u0131n\u0131zda&#8230;\u00a0<\/b><\/p>\n<p style=\"text-align: left;\">\u00a0This version which supported with 3D animations, a whole new world awaits you.<\/p>\n<p style=\"text-align: left;\">-How to pray ?<\/p>\n<p style=\"text-align: left;\">-How to take ablution?<br \/>\n-Illustrated and \naudible Elifba and Tajvid lessons<br \/>\n-Prophet Muhammed's life<br \/>\n-Games<br \/>\n-Tales<br \/>\n-Stories<br \/>\n-DVD has animated praying lessons that makes your children's learning proccess more fun and interactive.<\/p>\n<p style=\"text-align: left;\">\u00c7ocu\u011funuza manevi geli\u015fimi i\u00e7in yeteri kadar vakit ay\u0131ram\u0131yorsan\u0131z.<br \/>\n\u0130nternette \u00e7ocu\u011funuzu yeterince koruyam\u0131yorsan\u0131z.<br \/>\nAlternatif kaynaklar bulam\u0131yorsan\u0131z Alim \u00c7ocuk 3 tam size g\u00f6re<\/p>\n<p style=\"text-align: left;\"><span style=\"color: #00ccff;\"><a style=\"color: #00ccff;\" href=\"#program-icerigi\"><strong>Program \u0130\u00e7eri\u011fi<\/strong><\/a><i class=\"fa icon-right-open\"><\/i><\/span><\/p>\n[\/vc_column_text][\/vc_column][vc_column width=&#8221;1\/2&#8243;][vc_column_text]\n<h3 class=\"auto-style51\" style=\"text-align: center;\"><span class=\"auto-style48\"><strong>\u00a0Kids Let's\u00a0<\/strong><\/span><span class=\"auto-style44\"><strong><br class=\"auto-style40\" \/><\/strong><\/span><span class=\"auto-style48\"><strong>\u00a0 \u00a0Watch the Alim \u00c7ocuk, learn and have fun with it.<\/strong><\/span><\/h3>\n<p style=\"text-align: center;\"><span style=\"color: #999999;\"><span class=\"auto-style47\"><strong>\u00dc\u00e7 Boyutlu Animasyonlar | E\u011fitici Oyunlar\u00a0\u00a0<\/strong><\/span><span class=\"auto-style47\"><strong>| 14 Audiobooks | Experienced Tutors<\/strong><\/span><\/span><\/p>\n<p style=\"text-align: center;\"><img decoding=\"async\" loading=\"lazy\" class=\"wp-image-416 size-medium alignleft\" src=\"https:\/\/www.alimcocuk.com.tr\/wp-content\/uploads\/ALC30_Kutu_mini2-300x252.jpg\" alt=\"ALC30_Kutu_mini2\" width=\"300\" height=\"252\" srcset=\"https:\/\/www.alimcocuk.com.tr\/wp-content\/uploads\/ALC30_Kutu_mini2-300x252.jpg 300w, https:\/\/www.alimcocuk.com.tr\/wp-content\/uploads\/ALC30_Kutu_mini2-380x319.jpg 380w, https:\/\/www.alimcocuk.com.tr\/wp-content\/uploads\/ALC30_Kutu_mini2.jpg 452w\" sizes=\"(max-width: 300px) 100vw, 300px\" \/><\/p>\n<style type=\"text\/css\">\n.kolon { float:left;  position:relative; display:inline-block; }<br \/>\n<\/style>\n<div class=\"kolon\" style=\"left: -10px; top: -20px;\">\n<p>&nbsp;<\/p>\n<p>&nbsp;<\/p>\n<p>&nbsp;<\/p>\n<p><a href=\"https:\/\/www.alimcocuk.com.tr\/en\/alim-cocuk-3-0-bilgisayarinizin-isletim-sistemini-secin\/?add-to-cart=377\/\"><br \/>\n<img decoding=\"async\" loading=\"lazy\" class=\"alignleft wp-image-1564\" src=\"https:\/\/www.alimcocuk.com.tr\/wp-content\/uploads\/3yas.png\" alt=\"\" width=\"39\" height=\"38\" \/><\/a><a href=\"https:\/\/www.alimcocuk.com.tr\/en\/alim-cocuk-3-0-bilgisayarinizin-isletim-sistemini-secin\/?add-to-cart=377\/\"><img decoding=\"async\" style=\"width: 100px; height: 30px;\" src=\"https:\/\/cdn.shortpixel.ai\/client\/q_glossy,ret_img\/https:\/\/www.alimcocuk.com.tr\/wp-content\/uploads\/icon_satinal.png\" alt=\"Sat\u0131n Al\u0131n\" border=\"opx\" \/><\/a><\/p>\n<\/div>\n<p><span style=\"color: #00ccff;\"><span style=\"color: #33cccc;\"><strong style=\"color: #33cccc;\">\u00a0\u00a0<a style=\"color: #33cccc;\" href=\"#yorumlar\">Yorumlar<\/a><\/strong> <i class=\"fa icon-right-open\"><\/i>\u00a0<\/span><\/span>[\/vc_column_text][\/vc_column][\/vc_row][vc_row][vc_column][vc_column_text]\n[\/vc_column_text][\/vc_column][\/vc_row][vc_row type=&#8221;vc_default&#8221; bg_type=&#8221;bg_color&#8221; bg_override=&#8221;full&#8221; bg_color_value=&#8221;#e6e7d9&#8243;][vc_column width=&#8221;3\/12&#8243; css=&#8221;.vc_custom_1493153246782{margin-left: 40px !important;}&#8221;][ultimate_spacer height=&#8221;10&#8243;][vc_column_text]<img decoding=\"async\" loading=\"lazy\" class=\"aligncenter size-medium wp-image-1595\" src=\"http:\/\/www.sahanet.net\/alimcocuk\/wp-content\/uploads\/Diyanet-isleri-Baskanligi-vector-logo-300x213.png\" alt=\"\" width=\"300\" height=\"213\" srcset=\"https:\/\/www.alimcocuk.com.tr\/wp-content\/uploads\/Diyanet-isleri-Baskanligi-vector-logo-300x213.png 300w, https:\/\/www.alimcocuk.com.tr\/wp-content\/uploads\/Diyanet-isleri-Baskanligi-vector-logo-380x270.png 380w, https:\/\/www.alimcocuk.com.tr\/wp-content\/uploads\/Diyanet-isleri-Baskanligi-vector-logo-768x545.png 768w, https:\/\/www.alimcocuk.com.tr\/wp-content\/uploads\/Diyanet-isleri-Baskanligi-vector-logo-1024x727.png 1024w, https:\/\/www.alimcocuk.com.tr\/wp-content\/uploads\/Diyanet-isleri-Baskanligi-vector-logo.png 1600w\" sizes=\"(max-width: 300px) 100vw, 300px\" \/>[\/vc_column_text][\/vc_column][vc_column width=&#8221;6\/12&#8243; css=&#8221;.vc_custom_1489236082220{margin-left: -10px !important;}&#8221;][ultimate_spacer height=&#8221;10&#8243;][dt_fancy_title title=&#8221;Diyanet \u0130\u015fleri Ba\u015fkanl\u0131\u011f\u0131\u2019ndan &#8221; title_align=&#8221;left&#8221; title_size=&#8221;h3&#8243; separator_style=&#8221;disabled&#8221;][dt_fancy_title title=&#8221;Yaz Kur\u2019an Kurslar\u0131 \u0130\u00e7in Tavsiyeli&#8221; title_align=&#8221;left&#8221; title_size=&#8221;h2&#8243; title_color=&#8221;custom&#8221; separator_style=&#8221;disabled&#8221; custom_title_color=&#8221;#000000&#8243;][vc_column_text]Alim \u00c7ocuk 3.0, Diyanet \u0130\u015fleri Ba\u015fkanl\u0131\u011f\u0131 taraf\u0131ndan i\u00e7eri\u011fi incelenmi\u015f ve ba\u015fkanl\u0131\u011fa ait yaz kuran kurslar\u0131nda kullan\u0131lmas\u0131 i\u00e7in tavsiyede bulunmu\u015ftur. Ayr\u0131ca T\u00fcrkiye genelindeki ba\u015fkanl\u0131\u011fa ait Kur\u2019an kurslar\u0131nda kullan\u0131lmas\u0131 i\u00e7in da\u011f\u0131t\u0131m\u0131n\u0131 ger\u00e7ekle\u015ftirmi\u015ftir.[\/vc_column_text][\/vc_column][vc_column width=&#8221;3\/12&#8243;][vc_column_text css=&#8221;.vc_custom_1551336685119{padding-bottom: -70px !important;}&#8221;]<img decoding=\"async\" loading=\"lazy\" class=\"aligncenter wp-image-1573 size-full\" src=\"https:\/\/www.alimcocuk.com.tr\/wp-content\/uploads\/alimcocuk2-Kopya.png\" alt=\"\" width=\"304\" height=\"368\" srcset=\"https:\/\/www.alimcocuk.com.tr\/wp-content\/uploads\/alimcocuk2-Kopya.png 304w, https:\/\/www.alimcocuk.com.tr\/wp-content\/uploads\/alimcocuk2-Kopya-300x363.png 300w, https:\/\/www.alimcocuk.com.tr\/wp-content\/uploads\/alimcocuk2-Kopya-248x300.png 248w\" sizes=\"(max-width: 304px) 100vw, 304px\" \/>[\/vc_column_text][\/vc_column][\/vc_row][vc_row][vc_column][ultimate_spacer height=&#8221;30&#8243;][vc_row_inner][vc_column_inner width=&#8221;4\/12&#8243;][vc_column_text]<img decoding=\"async\" loading=\"lazy\" class=\"aligncenter wp-image-1570 size-full\" src=\"http:\/\/www.sahanet.net\/alimcocuk\/wp-content\/uploads\/alim-cocuk-oyun.png\" alt=\"\" width=\"412\" height=\"470\" srcset=\"https:\/\/www.alimcocuk.com.tr\/wp-content\/uploads\/alim-cocuk-oyun.png 412w, https:\/\/www.alimcocuk.com.tr\/wp-content\/uploads\/alim-cocuk-oyun-300x342.png 300w, https:\/\/www.alimcocuk.com.tr\/wp-content\/uploads\/alim-cocuk-oyun-380x433.png 380w, https:\/\/www.alimcocuk.com.tr\/wp-content\/uploads\/alim-cocuk-oyun-263x300.png 263w\" sizes=\"(max-width: 412px) 100vw, 412px\" \/>[\/vc_column_text][\/vc_column_inner][vc_column_inner width=&#8221;6\/12&#8243;][vc_column_text]\n<h3><strong>Rich Content<\/strong><\/h3>\n<h2>Kids Will Love This Program<\/h2>\n<p>Children do not get bored while learning both basic religious education and religious culture. Because the entire program is audio and visual. Ablution and prayer parts are explained with 3D animations.<\/p>\n<h4><strong>A little game<\/strong><\/h4>\n<p>Program i\u00e7erisinde birbirinden ilgin\u00e7 30 adet zeka oyunu vard\u0131r. Labirent\u2019den yap-boz&#8217;a, Bilgi Yar\u0131\u015fmas\u0131\u2019ndan Kedi-Fare oyununa kadar bir\u00e7ok oyunu oynarken hem e\u011flenecekler hemde \u00f6\u011frenecekler.[\/vc_column_text][\/vc_column_inner][vc_column_inner width=&#8221;2\/12&#8243;][vc_column_text]\n<p>&nbsp;<\/p>\n<p>&nbsp;<\/p>\n<p><img decoding=\"async\" loading=\"lazy\" class=\"aligncenter wp-image-1571 size-full\" src=\"http:\/\/www.sahanet.net\/alimcocuk\/wp-content\/uploads\/sapan.png\" alt=\"\" width=\"212\" height=\"352\" srcset=\"https:\/\/www.alimcocuk.com.tr\/wp-content\/uploads\/sapan.png 212w, https:\/\/www.alimcocuk.com.tr\/wp-content\/uploads\/sapan-181x300.png 181w\" sizes=\"(max-width: 212px) 100vw, 212px\" \/>[\/vc_column_text][\/vc_column_inner][\/vc_row_inner][\/vc_column][\/vc_row][vc_row type=&#8221;vc_default&#8221; bg_type=&#8221;bg_color&#8221; bg_override=&#8221;full&#8221; bg_color_value=&#8221;#e6e7d9&#8243; el_id=&#8221;tanitim-videosu&#8221;][vc_column][ultimate_spacer height=&#8221;30&#8243;][vc_column_text]\n<h3><\/h3>\n<h3 style=\"text-align: center;\">Watch Promotional Videos<\/h3>\n<p style=\"text-align: center;\"><span style=\"color: #808080;\">\u0130\u00e7eri\u011finin ne kadar zengin oldu\u011funu g\u00f6rmek i\u00e7in, haz\u0131rlanan videolar\u0131 izleyin. <\/span><span style=\"color: #808080;\">\u00c7ocu\u011funuz i\u00e7in en do\u011fru karar\u0131 vermenizde yard\u0131mc\u0131 olacakt\u0131r.<\/span><\/p>\n[\/vc_column_text][ultimate_spacer height=&#8221;20&#8243;][\/vc_column][\/vc_row][vc_row type=&#8221;vc_default&#8221; bg_type=&#8221;bg_color&#8221; bg_override=&#8221;full&#8221; bg_color_value=&#8221;#333333&#8243;][vc_column][vc_column_text css=&#8221;.vc_custom_1493153608874{padding-top: 21px !important;padding-right: 21px !important;padding-bottom: 11px !important;padding-left: 21px !important;background-color: #333333 !important;}&#8221;]\n<p><iframe loading=\"lazy\" src=\"https:\/\/www.youtube.com\/embed\/dL0al8BmLWg\" width=\"100%\" height=\"645\" frameborder=\"0\" allowfullscreen=\"allowfullscreen\" data-mce-fragment=\"1\"><\/iframe>[\/vc_column_text][ultimate_spacer height=&#8221;35&#8243;][\/vc_column][\/vc_row][vc_row type=&#8221;vc_default&#8221; bg_type=&#8221;bg_color&#8221; bg_override=&#8221;full&#8221; bg_color_value=&#8221;#565656&#8243; el_id=&#8221;program-icerigi&#8221;][vc_column][ultimate_spacer height=&#8221;90&#8243;][dt_fancy_title title=&#8221;Program\u0131n \u0130\u00e7eri\u011fi&#8221; title_align=&#8221;left&#8221; title_size=&#8221;h2&#8243; title_color=&#8221;custom&#8221; custom_title_color=&#8221;#ffffff&#8221;][vc_column_text]\n\n\t\t<style type=\"text\/css\">\n\t\t\t#gallery-1 {\n\t\t\t\tmargin: auto;\n\t\t\t}\n\t\t\t#gallery-1 .gallery-item {\n\t\t\t\tfloat: left;\n\t\t\t\tmargin-top: 10px;\n\t\t\t\ttext-align: center;\n\t\t\t\twidth: 25%;\n\t\t\t}\n\t\t\t#gallery-1 img {\n\t\t\t\tborder: 2px solid #cfcfcf;\n\t\t\t}\n\t\t\t#gallery-1 .gallery-caption {\n\t\t\t\tmargin-left: 0;\n\t\t\t}\n\t\t\t\/* see gallery_shortcode() in wp-includes\/media.php *\/\n\t\t<\/style>\n\t\t<div id='gallery-1' class='gallery galleryid-2388 gallery-columns-4 gallery-size-full'><dl class='gallery-item'>\n\t\t\t<dt class='gallery-icon landscape'>\n\t\t\t\t<a href='https:\/\/www.alimcocuk.com.tr\/wp-content\/uploads\/Rabbim.png'><img width=\"258\" height=\"90\" src=\"https:\/\/www.alimcocuk.com.tr\/wp-content\/uploads\/Rabbim.png\" class=\"attachment-full size-full\" alt=\"alternatif yaz\u0131\" decoding=\"async\" loading=\"lazy\" \/><\/a>\n\t\t\t<\/dt><\/dl><dl class='gallery-item'>\n\t\t\t<dt class='gallery-icon landscape'>\n\t\t\t\t<a href='https:\/\/www.alimcocuk.com.tr\/wp-content\/uploads\/Peygamberim.png'><img width=\"258\" height=\"90\" src=\"https:\/\/www.alimcocuk.com.tr\/wp-content\/uploads\/Peygamberim.png\" class=\"attachment-full size-full\" alt=\"\" decoding=\"async\" loading=\"lazy\" \/><\/a>\n\t\t\t<\/dt><\/dl><dl class='gallery-item'>\n\t\t\t<dt class='gallery-icon landscape'>\n\t\t\t\t<a href='https:\/\/www.alimcocuk.com.tr\/wp-content\/uploads\/Tarih.png'><img width=\"258\" height=\"90\" src=\"https:\/\/www.alimcocuk.com.tr\/wp-content\/uploads\/Tarih.png\" class=\"attachment-full size-full\" alt=\"\" decoding=\"async\" loading=\"lazy\" \/><\/a>\n\t\t\t<\/dt><\/dl><dl class='gallery-item'>\n\t\t\t<dt class='gallery-icon landscape'>\n\t\t\t\t<a href='https:\/\/www.alimcocuk.com.tr\/wp-content\/uploads\/Arkadaslar.png'><img width=\"258\" height=\"90\" src=\"https:\/\/www.alimcocuk.com.tr\/wp-content\/uploads\/Arkadaslar.png\" class=\"attachment-full size-full\" alt=\"\" decoding=\"async\" loading=\"lazy\" \/><\/a>\n\t\t\t<\/dt><\/dl><br style=\"clear: both\" \/><dl class='gallery-item'>\n\t\t\t<dt class='gallery-icon landscape'>\n\t\t\t\t<a href='https:\/\/www.alimcocuk.com.tr\/wp-content\/uploads\/ElifBa.png'><img width=\"258\" height=\"90\" src=\"https:\/\/www.alimcocuk.com.tr\/wp-content\/uploads\/ElifBa.png\" class=\"attachment-full size-full\" alt=\"\" decoding=\"async\" loading=\"lazy\" \/><\/a>\n\t\t\t<\/dt><\/dl><dl class='gallery-item'>\n\t\t\t<dt class='gallery-icon landscape'>\n\t\t\t\t<a href='https:\/\/www.alimcocuk.com.tr\/wp-content\/uploads\/Namaz.png'><img width=\"258\" height=\"90\" src=\"https:\/\/www.alimcocuk.com.tr\/wp-content\/uploads\/Namaz.png\" class=\"attachment-full size-full\" alt=\"\" decoding=\"async\" loading=\"lazy\" \/><\/a>\n\t\t\t<\/dt><\/dl><dl class='gallery-item'>\n\t\t\t<dt class='gallery-icon landscape'>\n\t\t\t\t<a href='https:\/\/www.alimcocuk.com.tr\/wp-content\/uploads\/Sure.png'><img width=\"258\" height=\"90\" src=\"https:\/\/www.alimcocuk.com.tr\/wp-content\/uploads\/Sure.png\" class=\"attachment-full size-full\" alt=\"\" decoding=\"async\" loading=\"lazy\" \/><\/a>\n\t\t\t<\/dt><\/dl><dl class='gallery-item'>\n\t\t\t<dt class='gallery-icon landscape'>\n\t\t\t\t<a href='https:\/\/www.alimcocuk.com.tr\/wp-content\/uploads\/Hac.png'><img width=\"258\" height=\"90\" src=\"https:\/\/www.alimcocuk.com.tr\/wp-content\/uploads\/Hac.png\" class=\"attachment-full size-full\" alt=\"\" decoding=\"async\" loading=\"lazy\" \/><\/a>\n\t\t\t<\/dt><\/dl><br style=\"clear: both\" \/><dl class='gallery-item'>\n\t\t\t<dt class='gallery-icon landscape'>\n\t\t\t\t<a href='https:\/\/www.alimcocuk.com.tr\/wp-content\/uploads\/CocukVe.png'><img width=\"258\" height=\"90\" src=\"https:\/\/www.alimcocuk.com.tr\/wp-content\/uploads\/CocukVe.png\" class=\"attachment-full size-full\" alt=\"\" decoding=\"async\" loading=\"lazy\" \/><\/a>\n\t\t\t<\/dt><\/dl><dl class='gallery-item'>\n\t\t\t<dt class='gallery-icon landscape'>\n\t\t\t\t<a href='https:\/\/www.alimcocuk.com.tr\/wp-content\/uploads\/Dua.png'><img width=\"258\" height=\"90\" src=\"https:\/\/www.alimcocuk.com.tr\/wp-content\/uploads\/Dua.png\" class=\"attachment-full size-full\" alt=\"\" decoding=\"async\" loading=\"lazy\" \/><\/a>\n\t\t\t<\/dt><\/dl><dl class='gallery-item'>\n\t\t\t<dt class='gallery-icon landscape'>\n\t\t\t\t<a href='https:\/\/www.alimcocuk.com.tr\/wp-content\/uploads\/ramazan.png'><img width=\"258\" height=\"90\" src=\"https:\/\/www.alimcocuk.com.tr\/wp-content\/uploads\/ramazan.png\" class=\"attachment-full size-full\" alt=\"\" decoding=\"async\" loading=\"lazy\" \/><\/a>\n\t\t\t<\/dt><\/dl><dl class='gallery-item'>\n\t\t\t<dt class='gallery-icon landscape'>\n\t\t\t\t<a href='https:\/\/www.alimcocuk.com.tr\/wp-content\/uploads\/Oyunlar.png'><img width=\"230\" height=\"200\" src=\"https:\/\/www.alimcocuk.com.tr\/wp-content\/uploads\/Oyunlar.png\" class=\"attachment-full size-full\" alt=\"\" decoding=\"async\" loading=\"lazy\" \/><\/a>\n\t\t\t<\/dt><\/dl><br style=\"clear: both\" \/>\n\t\t<\/div>\n\n[\/vc_column_text][vc_column_text css=&#8221;.vc_custom_1495179987068{margin-top: -100px !important;}&#8221;]\n\n\t\t<style type=\"text\/css\">\n\t\t\t#gallery-2 {\n\t\t\t\tmargin: auto;\n\t\t\t}\n\t\t\t#gallery-2 .gallery-item {\n\t\t\t\tfloat: left;\n\t\t\t\tmargin-top: 10px;\n\t\t\t\ttext-align: center;\n\t\t\t\twidth: 25%;\n\t\t\t}\n\t\t\t#gallery-2 img {\n\t\t\t\tborder: 2px solid #cfcfcf;\n\t\t\t}\n\t\t\t#gallery-2 .gallery-caption {\n\t\t\t\tmargin-left: 0;\n\t\t\t}\n\t\t\t\/* see gallery_shortcode() in wp-includes\/media.php *\/\n\t\t<\/style>\n\t\t<div id='gallery-2' class='gallery galleryid-2388 gallery-columns-4 gallery-size-full'><dl class='gallery-item'>\n\t\t\t<dt class='gallery-icon landscape'>\n\t\t\t\t<a href='https:\/\/www.alimcocuk.com.tr\/wp-content\/uploads\/Masal.png'><img width=\"258\" height=\"90\" src=\"https:\/\/www.alimcocuk.com.tr\/wp-content\/uploads\/Masal.png\" class=\"attachment-full size-full\" alt=\"\" decoding=\"async\" loading=\"lazy\" \/><\/a>\n\t\t\t<\/dt><\/dl><dl class='gallery-item'>\n\t\t\t<dt class='gallery-icon landscape'>\n\t\t\t\t<a href='https:\/\/www.alimcocuk.com.tr\/wp-content\/uploads\/Hikaye.png'><img width=\"258\" height=\"90\" src=\"https:\/\/www.alimcocuk.com.tr\/wp-content\/uploads\/Hikaye.png\" class=\"attachment-full size-full\" alt=\"\" decoding=\"async\" loading=\"lazy\" \/><\/a>\n\t\t\t<\/dt><\/dl><dl class='gallery-item'>\n\t\t\t<dt class='gallery-icon landscape'>\n\t\t\t\t<a href='https:\/\/www.alimcocuk.com.tr\/wp-content\/uploads\/Kutuphane.png'><img width=\"140\" height=\"110\" src=\"https:\/\/www.alimcocuk.com.tr\/wp-content\/uploads\/Kutuphane.png\" class=\"attachment-full size-full\" alt=\"\" decoding=\"async\" loading=\"lazy\" \/><\/a>\n\t\t\t<\/dt><\/dl>\n\t\t\t<br style='clear: both' \/>\n\t\t<\/div>\n\n[\/vc_column_text][ultimate_spacer height=&#8221;30&#8243;][\/vc_column][\/vc_row][vc_row type=&#8221;vc_default&#8221; bg_type=&#8221;bg_color&#8221; bg_override=&#8221;full&#8221; bg_color_value=&#8221;#e6e6e6&#8243; el_id=&#8221;yorumlar&#8221;][vc_column][ultimate_spacer height=&#8221;50&#8243;][dt_fancy_title title=&#8221;M\u00fc\u015fteri Yorumlar\u0131&#8221; title_size=&#8221;h2&#8243; title_color=&#8221;custom&#8221; custom_title_color=&#8221;#333333&#8243;][ultimate_spacer height=&#8221;20&#8243;][dt_testimonials type=&#8221;slider&#8221; autoslide=&#8221;5000&#8243; number=&#8221;15&#8243;][ultimate_spacer height=&#8221;30&#8243;][ultimate_spacer height=&#8221;30&#8243;][\/vc_column][\/vc_row][vc_row][vc_column][vc_row_inner][vc_column_inner width=&#8221;1\/6&#8243;][\/vc_column_inner][vc_column_inner width=&#8221;2\/3&#8243;][vc_column_text]\n<h3 style=\"text-align: center;\">Sat\u0131n Alma Se\u00e7eneklerini \u0130nceleyin<\/h3>\n<p style=\"text-align: center;\"><span style=\"color: #808080;\">Size sunulan sat\u0131n-alma se\u00e7enekleri ile \u00fcr\u00fcne 25,00 TL\u2019den ba\u015flayan fiyatlarla sahip olabilirsiniz. Fiyatlara kargo \u00fccreti ve KDV dahildir. \u00dcstelik kargo ile u\u011fra\u015fmak istemeyenlere download se\u00e7ene\u011fi de bulunuyor.<\/span><\/p>\n[\/vc_column_text][ultimate_spacer height=&#8221;20&#8243;][\/vc_column_inner][vc_column_inner width=&#8221;1\/6&#8243;][\/vc_column_inner][\/vc_row_inner][vc_row_inner][vc_column_inner width=&#8221;1\/12&#8243;][\/vc_column_inner][vc_column_inner width=&#8221;3\/12&#8243;][vc_column_text]\n<h3 style=\"text-align: center;\">\u0130ndirilebilir \u00dcr\u00fcn (Download)<\/h3>\n<h4 style=\"text-align: center;\"><strong><span style=\"color: #000000;\">25.00 TL<\/span><\/strong><\/h4>\n<h3 style=\"text-align: center;\"><span style=\"color: #00ccff;\"><a style=\"color: #00ccff;\" href=\"https:\/\/www.alimcocuk.com.tr\/en\/sepet\/\">BUY<\/a><i class=\"fa icon-right-open-big\"><\/i><\/span><\/h3>\n<p style=\"text-align: center;\">Bu se\u00e7enekte sadece kart ile \u00f6deme yap\u0131labilir. \u00dcr\u00fcn g\u00f6nderilmez.<\/p>\n[\/vc_column_text][\/vc_column_inner][vc_column_inner width=&#8221;3\/12&#8243;][vc_column_text]\n<h3 style=\"text-align: center;\">Kart\/Havale\/EFT \u0130le \u00d6deme<\/h3>\n<h4 style=\"text-align: center;\"><strong><span style=\"color: #000000;\">30.00 TL<\/span><\/strong><\/h4>\n<h3 style=\"text-align: center;\"><span style=\"color: #00ccff;\"><a style=\"color: #00ccff;\" href=\"https:\/\/www.alimcocuk.com.tr\/en\/sepet\/\">SATINAL<\/a><i class=\"fa icon-right-open-big\"><\/i><\/span><\/h3>\n<p style=\"text-align: center;\">\u00dcr\u00fcn g\u00f6nderilir. Kargo \u00fccreti dahildir.<\/p>\n[\/vc_column_text][\/vc_column_inner][vc_column_inner width=&#8221;3\/12&#8243;][vc_column_text]\n<h3 style=\"text-align: center;\">Kap\u0131da Nakit \u0130le \u00d6deme<\/h3>\n<h4 style=\"text-align: center;\"><strong><span style=\"color: #000000;\">35.00 TL<\/span><\/strong><\/h4>\n<h3 style=\"text-align: center;\"><span style=\"color: #00ccff;\"><a style=\"color: #00ccff;\" href=\"https:\/\/www.alimcocuk.com.tr\/en\/sepet\/\">BUY<\/a><i class=\"fa icon-right-open-big\"><\/i><\/span><\/h3>\n<p style=\"text-align: center;\">\u00dcr\u00fcn g\u00f6nderilir. Kargo \u00fccreti dahildir.<\/p>\n[\/vc_column_text][\/vc_column_inner][vc_column_inner width=&#8221;2\/12&#8243;][\/vc_column_inner][\/vc_row_inner][\/vc_column][\/vc_row][vc_row][vc_column][ultimate_spacer height=&#8221;30&#8243;][vc_separator][\/vc_column][\/vc_row][vc_row type=&#8221;vc_default&#8221; bg_type=&#8221;bg_color&#8221; bg_override=&#8221;full&#8221; bg_color_value=&#8221;#e6e7d9&#8243; css=&#8221;.vc_custom_1489236936117{padding-bottom: -70px !important;}&#8221;][\/vc_row][vc_row type=&#8221;vc_default&#8221; bg_type=&#8221;bg_color&#8221; bg_override=&#8221;full&#8221; bg_color_value=&#8221;#e6e7d9&#8243; css=&#8221;.vc_custom_1551277253061{padding-bottom: -70px !important;}&#8221;][vc_column width=&#8221;1\/6&#8243; css=&#8221;.vc_custom_1489234454372{margin-left: -50px !important;}&#8221;][vc_column_text][\/vc_column_text][\/vc_column][vc_column width=&#8221;3\/6&#8243;][ultimate_spacer height=&#8221;10&#8243;][dt_fancy_title title=&#8221;Kurumsal ve Toplu Sipari\u015fleriniz i\u00e7in &#8221; title_align=&#8221;left&#8221; title_size=&#8221;h3&#8243; separator_style=&#8221;disabled&#8221;][dt_fancy_title title=&#8221;F\u0130YAT TEKL\u0130F\u0130 ALIN&#8221; title_align=&#8221;left&#8221; title_size=&#8221;h2&#8243; title_color=&#8221;custom&#8221; separator_style=&#8221;disabled&#8221; custom_title_color=&#8221;#000000&#8243;][vc_column_text]\n<p>\u00d6zel E\u011fitim Kurumlar\u0131, Kur\u2019an kurlar\u0131 taraf\u0131ndan kullan\u0131lan bu program\u0131 S\u0131n\u0131flar\u0131n\u0131zdaki bilgisayarlara kurulumunu yapt\u0131rmak veya \u00f6\u011frencilerinize hediye etmek isterseniz, bizi aray\u0131n \u00f6zel fiyat tekliflerinden ve avantajlar\u0131ndan yararlan\u0131n.<\/p>\n<p style=\"text-align: left;\"><strong>(0312) 230 64 60 \/ Mobil : (0555) 962 73 55<\/strong><\/p>\n[\/vc_column_text][ultimate_spacer height=&#8221;20&#8243;][\/vc_column][vc_column width=&#8221;4\/12&#8243; css=&#8221;.vc_custom_1493882264449{margin-top: 0px !important;}&#8221;][vc_column_text]<img decoding=\"async\" loading=\"lazy\" class=\"aligncenter wp-image-1567 size-medium\" src=\"https:\/\/www.alimcocuk.com.tr\/wp-content\/uploads\/alimcocuk-e1551276912945.png\" alt=\"\" width=\"168\" height=\"340\" \/>[\/vc_column_text][\/vc_column][\/vc_row][vc_column width=&#8221;1\/6&#8243; css=&#8221;.vc_custom_1489234454372{margin-left: -50px !important;}&#8221;][\/vc_column][vc_column width=&#8221;3\/6&#8243;][\/vc_column][vc_column width=&#8221;1\/6&#8243; css=&#8221;.vc_custom_1489234454372{margin-left: -50px !important;}&#8221;][\/vc_column][vc_column width=&#8221;1\/6&#8243; css=&#8221;.vc_custom_1489234454372{margin-left: -50px !important;}&#8221;][\/vc_column][vc_column width=&#8221;3\/6&#8243;][\/vc_column][vc_column width=&#8221;1\/6&#8243; css=&#8221;.vc_custom_1489234454372{margin-left: -50px !important;}&#8221;][\/vc_column]","protected":false},"excerpt":{"rendered":"<p>[vc_row][vc_column width=&#8221;1\/2&#8243;][vc_column_text] Yeni versiyon huzurlar\u0131n\u0131zda&#8230;\u00a0 \u00a03 Boyutlu animasyonlar ile zenginle\u015ftirilmi\u015f bu versiyonda sizi \u00e7ok b\u00fcy\u00fck bir d\u00fcnya bekliyor. -Namaz nas\u0131l<\/p>","protected":false},"author":1,"featured_media":0,"parent":0,"menu_order":0,"comment_status":"closed","ping_status":"closed","template":"","meta":{"footnotes":"","_joinchat":[]},"aioseo_notices":[],"_links":{"self":[{"href":"https:\/\/www.alimcocuk.com.tr\/en\/wp-json\/wp\/v2\/pages\/2388"}],"collection":[{"href":"https:\/\/www.alimcocuk.com.tr\/en\/wp-json\/wp\/v2\/pages"}],"about":[{"href":"https:\/\/www.alimcocuk.com.tr\/en\/wp-json\/wp\/v2\/types\/page"}],"author":[{"embeddable":true,"href":"https:\/\/www.alimcocuk.com.tr\/en\/wp-json\/wp\/v2\/users\/1"}],"replies":[{"embeddable":true,"href":"https:\/\/www.alimcocuk.com.tr\/en\/wp-json\/wp\/v2\/comments?post=2388"}],"version-history":[{"count":0,"href":"https:\/\/www.alimcocuk.com.tr\/en\/wp-json\/wp\/v2\/pages\/2388\/revisions"}],"wp:attachment":[{"href":"https:\/\/www.alimcocuk.com.tr\/en\/wp-json\/wp\/v2\/media?parent=2388"}],"curies":[{"name":"wp","href":"https:\/\/api.w.org\/{rel}","templated":true}]}}