{"id":226,"date":"2014-05-07T16:14:00","date_gmt":"2014-05-07T13:14:00","guid":{"rendered":"http:\/\/www.alimcocuk.com.tr\/?page_id=226"},"modified":"2015-11-03T13:41:33","modified_gmt":"2015-11-03T11:41:33","slug":"kampanya","status":"publish","type":"page","link":"https:\/\/www.alimcocuk.com.tr\/en\/kampanya\/","title":{"rendered":"KAMPANYA"},"content":{"rendered":"<p style=\"text-align: center;\">[notification type=&#8221;info&#8221;]<i class=\"fas fa-arrow-down\"><\/i><b>KUR&#8217;AN KURSLARI ve YAZ OKULLARI i\u00e7in Kampanyam\u0131z devam ediyor. <\/b>\u00a0[\/notification]\n<p style=\"text-align: center;\">[notification type=&#8221;warning&#8221;]<i class=\"fas fa-\"><\/i><strong>Alim \u00c7ocuk 3.0 &#8216;\u0131n 1 Adet Fiyat\u0131:\u00a0 25 TL&#8217;dir. <a href=\"https:\/\/www.alimcocuk.com.tr\/en\/satin-al\/\">Hemen almak i\u00e7in T\u0131klay\u0131n&#8230;<\/a>\u00a0 <br \/>\u00c7oklu adet fiyat bilgisi almak i\u00e7in a\u015fa\u011f\u0131daki formu doldurup g\u00f6nderin.<\/strong>[\/notification]\n<p style=\"text-align: center;\">[row class=&#8221;row-fluid&#8221;]<br class=\"nc\" \/>[col class=&#8221;span7&#8243;]\n<p><img decoding=\"async\" loading=\"lazy\" class=\"size-full wp-image-224 aligncenter\" src=\"https:\/\/www.alimcocuk.com.tr\/wp-content\/uploads\/GS_AnasayfaIlan_kaliteli.jpg\" alt=\"GS_AnasayfaIlan_kaliteli\" width=\"580\" height=\"820\" srcset=\"https:\/\/www.alimcocuk.com.tr\/wp-content\/uploads\/GS_AnasayfaIlan_kaliteli.jpg 580w, https:\/\/www.alimcocuk.com.tr\/wp-content\/uploads\/GS_AnasayfaIlan_kaliteli-300x424.jpg 300w, https:\/\/www.alimcocuk.com.tr\/wp-content\/uploads\/GS_AnasayfaIlan_kaliteli-380x537.jpg 380w, https:\/\/www.alimcocuk.com.tr\/wp-content\/uploads\/GS_AnasayfaIlan_kaliteli-212x300.jpg 212w\" sizes=\"(max-width: 580px) 100vw, 580px\" \/><\/p>\n<p style=\"text-align: center;\">\u00a0[\/col]<br class=\"nc\" \/>[col class=&#8221;span5&#8243;]\n<p style=\"text-align: center;\">[label type=&#8221;label&#8221; style=&#8221;important&#8221; title=&#8221;\u00d6n Sipari\u015f i\u00e7in a\u015fa\u011f\u0131daki formu doldurup, g\u00f6nderiniz.<br \/>\nEn k\u0131sa s\u00fcrede sizinle irtibata ge\u00e7ilecektir.<br \/>\n\u0130lginize te\u015fekk\u00fcr ederiz.&#8221;]\n<p style=\"text-align: center;\">\n<div class=\"wpcf7 no-js\" id=\"wpcf7-f232-o1\" lang=\"tr-TR\" dir=\"ltr\">\n<div class=\"screen-reader-response\"><p role=\"status\" aria-live=\"polite\" aria-atomic=\"true\"><\/p> <ul><\/ul><\/div>\n<form action=\"\/en\/wp-json\/wp\/v2\/pages\/226#wpcf7-f232-o1\" method=\"post\" class=\"wpcf7-form init\" aria-label=\"Contact form\" novalidate=\"novalidate\" data-status=\"init\" data-trp-original-action=\"\/en\/wp-json\/wp\/v2\/pages\/226#wpcf7-f232-o1\">\n<div style=\"display: none;\">\n<input type=\"hidden\" name=\"_wpcf7\" value=\"232\" \/>\n<input type=\"hidden\" name=\"_wpcf7_version\" value=\"5.8.1\" \/>\n<input type=\"hidden\" name=\"_wpcf7_locale\" value=\"tr_TR\" \/>\n<input type=\"hidden\" name=\"_wpcf7_unit_tag\" value=\"wpcf7-f232-o1\" \/>\n<input type=\"hidden\" name=\"_wpcf7_container_post\" value=\"0\" \/>\n<input type=\"hidden\" name=\"_wpcf7_posted_data_hash\" value=\"\" \/>\n<\/div>\n<p>Ad\u0131n\u0131z-Soyad\u0131n\u0131z\n<\/p>\n<p><span class=\"wpcf7-form-control-wrap\" data-name=\"your-name\"><input size=\"40\" class=\"wpcf7-form-control wpcf7-text\" aria-invalid=\"false\" value=\"\" type=\"text\" name=\"your-name\" \/><\/span>\n<\/p>\n<p>Epostan\u0131z\n<\/p>\n<p><span class=\"wpcf7-form-control-wrap\" data-name=\"your-email\"><input size=\"40\" class=\"wpcf7-form-control wpcf7-email wpcf7-validates-as-required wpcf7-text wpcf7-validates-as-email\" aria-required=\"true\" aria-invalid=\"false\" value=\"\" type=\"email\" name=\"your-email\" \/><\/span>\n<\/p>\n<p>Telefon\n<\/p>\n<p><span class=\"wpcf7-form-control-wrap\" data-name=\"tel-316\"><input size=\"40\" class=\"wpcf7-form-control wpcf7-tel wpcf7-validates-as-required wpcf7-text wpcf7-validates-as-tel\" aria-required=\"true\" aria-invalid=\"false\" value=\"\" type=\"tel\" name=\"tel-316\" \/><\/span>\n<\/p>\n<p>Notunuz:\n<\/p>\n<p><span class=\"wpcf7-form-control-wrap\" data-name=\"your-message\"><textarea cols=\"40\" rows=\"10\" class=\"wpcf7-form-control wpcf7-textarea wpcf7-validates-as-required\" aria-required=\"true\" aria-invalid=\"false\" name=\"your-message\"><\/textarea><\/span>\n<\/p>\n<p><input class=\"wpcf7-form-control wpcf7-submit has-spinner\" type=\"submit\" value=\"G\u00f6nder\" \/>\n<\/p><p style=\"display: none !important;\"><label>&#916;<textarea name=\"_wpcf7_ak_hp_textarea\" cols=\"45\" rows=\"8\" maxlength=\"100\"><\/textarea><\/label><input type=\"hidden\" id=\"ak_js_1\" name=\"_wpcf7_ak_js\" value=\"165\"\/><script>document.getElementById( \"ak_js_1\" ).setAttribute( \"value\", ( new Date() ).getTime() );<\/script><\/p><div class=\"wpcf7-response-output\" aria-hidden=\"true\"><\/div>\n<input type=\"hidden\" name=\"trp-form-language\" value=\"en\"\/><\/form>\n<\/div>\n\n<p style=\"text-align: center;\">\u00a0[\/col]<br class=\"nc\" \/>[\/row]","protected":false},"excerpt":{"rendered":"<p>[notification type=&#8221;info&#8221;]KUR&#8217;AN KURSLARI ve YAZ OKULLARI i\u00e7in Kampanyam\u0131z devam ediyor. \u00a0[\/notification] [notification type=&#8221;warning&#8221;]Alim \u00c7ocuk 3.0 &#8216;\u0131n 1 Adet Fiyat\u0131:\u00a0 25<\/p>","protected":false},"author":1,"featured_media":0,"parent":0,"menu_order":0,"comment_status":"closed","ping_status":"closed","template":"page-template-full.php","meta":{"footnotes":"","_joinchat":[]},"aioseo_notices":[],"_links":{"self":[{"href":"https:\/\/www.alimcocuk.com.tr\/en\/wp-json\/wp\/v2\/pages\/226"}],"collection":[{"href":"https:\/\/www.alimcocuk.com.tr\/en\/wp-json\/wp\/v2\/pages"}],"about":[{"href":"https:\/\/www.alimcocuk.com.tr\/en\/wp-json\/wp\/v2\/types\/page"}],"author":[{"embeddable":true,"href":"https:\/\/www.alimcocuk.com.tr\/en\/wp-json\/wp\/v2\/users\/1"}],"replies":[{"embeddable":true,"href":"https:\/\/www.alimcocuk.com.tr\/en\/wp-json\/wp\/v2\/comments?post=226"}],"version-history":[{"count":0,"href":"https:\/\/www.alimcocuk.com.tr\/en\/wp-json\/wp\/v2\/pages\/226\/revisions"}],"wp:attachment":[{"href":"https:\/\/www.alimcocuk.com.tr\/en\/wp-json\/wp\/v2\/media?parent=226"}],"curies":[{"name":"wp","href":"https:\/\/api.w.org\/{rel}","templated":true}]}}