{"id":212,"date":"2014-04-22T15:37:35","date_gmt":"2014-04-22T12:37:35","guid":{"rendered":"http:\/\/www.alimcocuk.com.tr\/?page_id=212"},"modified":"2019-01-11T14:29:57","modified_gmt":"2019-01-11T11:29:57","slug":"iletisim","status":"publish","type":"page","link":"https:\/\/www.alimcocuk.com.tr\/en\/iletisim\/","title":{"rendered":"\u0130leti\u015fim"},"content":{"rendered":"<p>GOLDSOFT YAZILIM<br \/>\nTeknopark Ankara Serhat Mah. \u0130OSB 2224. Cad. No:1 C-Blok Daire:214 Yenimahalle-ANKARA<br \/>\nTel: +90 312 230 64 60 | Fax: +90 312 231 24 55 | e-Posta : <a href=\"\/en\/goldsoft@goldsoft.com.tr\/\">goldsoft@goldsoft.com.tr<\/a><\/p>\n<p>Goldsoft Yaz\u0131l\u0131m Bilgi \u0130\u015flem \u0130leti\u015fim Teknolojileri ve E\u011fitim Hiz. San.Tic.Ltd.\u015eti.<br \/>\nCopyright \u00a9 2002-2018<br \/>\nWebsitesi:&nbsp;<a title=\"Goldsoft Yaz\u0131l\u0131m\" href=\"https:\/\/www.goldsoft.com.tr\/\">https:\/\/www.goldsoft.com.tr\/<\/a><\/p>\n\n<div class=\"wpcf7 no-js\" id=\"wpcf7-f332-o1\" lang=\"en-US\" dir=\"ltr\">\n<div class=\"screen-reader-response\"><p role=\"status\" aria-live=\"polite\" aria-atomic=\"true\"><\/p> <ul><\/ul><\/div>\n<form action=\"\/en\/wp-json\/wp\/v2\/pages\/212#wpcf7-f332-o1\" method=\"post\" class=\"wpcf7-form init\" aria-label=\"Contact form\" enctype=\"multipart\/form-data\" novalidate=\"novalidate\" data-status=\"init\" data-trp-original-action=\"\/en\/wp-json\/wp\/v2\/pages\/212#wpcf7-f332-o1\">\n<div style=\"display: none;\">\n<input type=\"hidden\" name=\"_wpcf7\" value=\"332\" \/>\n<input type=\"hidden\" name=\"_wpcf7_version\" value=\"5.8.1\" \/>\n<input type=\"hidden\" name=\"_wpcf7_locale\" value=\"en_US\" \/>\n<input type=\"hidden\" name=\"_wpcf7_unit_tag\" value=\"wpcf7-f332-o1\" \/>\n<input type=\"hidden\" name=\"_wpcf7_container_post\" value=\"0\" \/>\n<input type=\"hidden\" name=\"_wpcf7_posted_data_hash\" value=\"\" \/>\n<\/div>\n<p>Ad-Soyad (Gerekli)\n<\/p>\n<p><span class=\"wpcf7-form-control-wrap\" data-name=\"your-name\"><input size=\"40\" class=\"wpcf7-form-control wpcf7-text wpcf7-validates-as-required\" aria-required=\"true\" aria-invalid=\"false\" value=\"\" type=\"text\" name=\"your-name\" \/><\/span>\n<\/p>\n<p>Telefon (Gerekli)\n<\/p>\n<p><span class=\"wpcf7-form-control-wrap\" data-name=\"telefon\"><input size=\"40\" class=\"wpcf7-form-control wpcf7-tel wpcf7-validates-as-required wpcf7-text wpcf7-validates-as-tel\" aria-required=\"true\" aria-invalid=\"false\" value=\"\" type=\"tel\" name=\"telefon\" \/><\/span>\n<\/p>\n<p>Email (Gerekli)\n<\/p>\n<p><span class=\"wpcf7-form-control-wrap\" data-name=\"your-email\"><input size=\"40\" class=\"wpcf7-form-control wpcf7-email wpcf7-validates-as-required wpcf7-text wpcf7-validates-as-email\" aria-required=\"true\" aria-invalid=\"false\" value=\"\" type=\"email\" name=\"your-email\" \/><\/span>\n<\/p>\n<p><span class=\"wpcf7-form-control-wrap\" data-name=\"file-384\"><input size=\"40\" class=\"wpcf7-form-control wpcf7-file\" accept=\".gif,.png,.jpg,.jpeg\" aria-invalid=\"false\" type=\"file\" name=\"file-384\" \/><\/span>\n<\/p>\n<p>Mesaj\u0131n\u0131z\n<\/p>\n<p><span class=\"wpcf7-form-control-wrap\" data-name=\"your-message\"><textarea cols=\"40\" rows=\"10\" class=\"wpcf7-form-control wpcf7-textarea\" aria-invalid=\"false\" name=\"your-message\"><\/textarea><\/span>\n<\/p>\n<p><input class=\"wpcf7-form-control wpcf7-submit has-spinner\" type=\"submit\" value=\"G\u00f6nder\" \/>\n<\/p><p style=\"display: none !important;\"><label>&#916;<textarea name=\"_wpcf7_ak_hp_textarea\" cols=\"45\" rows=\"8\" maxlength=\"100\"><\/textarea><\/label><input type=\"hidden\" id=\"ak_js_1\" name=\"_wpcf7_ak_js\" value=\"209\"\/><script>document.getElementById( \"ak_js_1\" ).setAttribute( \"value\", ( new Date() ).getTime() );<\/script><\/p><div class=\"wpcf7-response-output\" aria-hidden=\"true\"><\/div>\n<input type=\"hidden\" name=\"trp-form-language\" value=\"en\"\/><\/form>\n<\/div>\n\n<p><a href=\"https:\/\/www.alimcocuk.com.tr\/wp-content\/uploads\/GoldsoftWeb.png\"><img decoding=\"async\" loading=\"lazy\" class=\"alignnone size-full wp-image-651\" src=\"https:\/\/www.alimcocuk.com.tr\/wp-content\/uploads\/GoldsoftWeb.png\" alt=\"Goldsoft-Yaz\u0131l\u0131m\" width=\"160\" height=\"40\"><\/a><\/p>\n<p><strong>HESAP B\u0130LG\u0130LER\u0130M\u0130Z:<\/strong><\/p>\n<p>Hesap Ad\u0131: Goldsoft Yaz\u0131l\u0131m<br \/>\nHesap No: 48592-10<br \/>\nT\u00fcrkiye Finans Kat\u0131l\u0131m Bankas\u0131<br \/>\nIban: TR25 0020 6002 4200 0485 9200 10<\/p>\n<p>&nbsp;<\/p>\n<p>&nbsp;<\/p>\n<p>&nbsp;<\/p>\n<p>&nbsp;<\/p>\n<p>&nbsp;<\/p>\n<p>&nbsp;<\/p>\n<p>&nbsp;<\/p>","protected":false},"excerpt":{"rendered":"<p>GOLDSOFT YAZILIM Teknopark Ankara Serhat Mah. \u0130OSB 2224. Cad. No:1 C-Blok Daire:214 Yenimahalle-ANKARA Tel: +90 312 230 64 60 |<\/p>","protected":false},"author":1,"featured_media":0,"parent":0,"menu_order":110,"comment_status":"closed","ping_status":"closed","template":"","meta":{"footnotes":"","_joinchat":[]},"aioseo_notices":[],"_links":{"self":[{"href":"https:\/\/www.alimcocuk.com.tr\/en\/wp-json\/wp\/v2\/pages\/212"}],"collection":[{"href":"https:\/\/www.alimcocuk.com.tr\/en\/wp-json\/wp\/v2\/pages"}],"about":[{"href":"https:\/\/www.alimcocuk.com.tr\/en\/wp-json\/wp\/v2\/types\/page"}],"author":[{"embeddable":true,"href":"https:\/\/www.alimcocuk.com.tr\/en\/wp-json\/wp\/v2\/users\/1"}],"replies":[{"embeddable":true,"href":"https:\/\/www.alimcocuk.com.tr\/en\/wp-json\/wp\/v2\/comments?post=212"}],"version-history":[{"count":0,"href":"https:\/\/www.alimcocuk.com.tr\/en\/wp-json\/wp\/v2\/pages\/212\/revisions"}],"wp:attachment":[{"href":"https:\/\/www.alimcocuk.com.tr\/en\/wp-json\/wp\/v2\/media?parent=212"}],"curies":[{"name":"wp","href":"https:\/\/api.w.org\/{rel}","templated":true}]}}