{"id":195,"date":"2014-03-13T12:26:44","date_gmt":"2014-03-13T10:26:44","guid":{"rendered":"http:\/\/www.alimcocuk.com.tr\/?page_id=195"},"modified":"2014-03-13T12:31:05","modified_gmt":"2014-03-13T10:31:05","slug":"sizden-gelenler","status":"publish","type":"page","link":"https:\/\/www.alimcocuk.com.tr\/en\/sizden-gelenler\/","title":{"rendered":"Sizden Gelenler"},"content":{"rendered":"<div id=\"attachment_196\" style=\"width: 310px\" class=\"wp-caption alignnone\"><a href=\"http:\/\/www.alimcocuk.com.tr\/wp-content\/uploads\/IMG-20140313-WA0000.jpg\"><img aria-describedby=\"caption-attachment-196\" decoding=\"async\" loading=\"lazy\" class=\"size-medium wp-image-196\" alt=\"Alim \u00c7ocuk 3'ten Ders i\u015fleniyor, Ayd\u0131nc\u0131k Kuran Kursu\" src=\"http:\/\/www.alimcocuk.com.tr\/wp-content\/uploads\/IMG-20140313-WA0000-300x225.jpg\" width=\"300\" height=\"225\" srcset=\"https:\/\/www.alimcocuk.com.tr\/wp-content\/uploads\/IMG-20140313-WA0000-300x225.jpg 300w, https:\/\/www.alimcocuk.com.tr\/wp-content\/uploads\/IMG-20140313-WA0000-380x285.jpg 380w, https:\/\/www.alimcocuk.com.tr\/wp-content\/uploads\/IMG-20140313-WA0000.jpg 816w\" sizes=\"(max-width: 300px) 100vw, 300px\" \/><\/a><p id=\"caption-attachment-196\" class=\"wp-caption-text\">Alim \u00c7ocuk 3&#8217;ten Veda Hutbesi G\u00f6steriliyor, Ayd\u0131nc\u0131k Kuran Kursu Yozgat &#8211; B\u00fc\u015fra Bet\u00fcl \u015eAHAN&#8217;a Te\u015fekk\u00fcrler.<\/p><\/div>\n[notification type=&#8221;info&#8221;]<b>Sizde alim \u00e7ocuk ve di\u011fer \u00fcr\u00fcnlerimizi kullan\u0131rken \u00e7ekti\u011finiz resimleri <a href=\"\/en\/alimcocuk@alimcocuk.com.tr\/\"><span style=\"text-decoration: underline;\">alimcocuk@alimcocuk.com.tr<\/span><\/a> adresine mail olarak g\u00f6nderebilirsiniz.<\/b>[\/notification]\n<p>&nbsp;<\/p>","protected":false},"excerpt":{"rendered":"<p>[notification type=&#8221;info&#8221;]Sizde alim \u00e7ocuk ve di\u011fer \u00fcr\u00fcnlerimizi kullan\u0131rken \u00e7ekti\u011finiz resimleri alimcocuk@alimcocuk.com.tr adresine mail olarak g\u00f6nderebilirsiniz.[\/notification] &nbsp;<\/p>","protected":false},"author":1,"featured_media":0,"parent":0,"menu_order":0,"comment_status":"open","ping_status":"open","template":"page-template-full.php","meta":{"footnotes":"","_joinchat":[]},"aioseo_notices":[],"_links":{"self":[{"href":"https:\/\/www.alimcocuk.com.tr\/en\/wp-json\/wp\/v2\/pages\/195"}],"collection":[{"href":"https:\/\/www.alimcocuk.com.tr\/en\/wp-json\/wp\/v2\/pages"}],"about":[{"href":"https:\/\/www.alimcocuk.com.tr\/en\/wp-json\/wp\/v2\/types\/page"}],"author":[{"embeddable":true,"href":"https:\/\/www.alimcocuk.com.tr\/en\/wp-json\/wp\/v2\/users\/1"}],"replies":[{"embeddable":true,"href":"https:\/\/www.alimcocuk.com.tr\/en\/wp-json\/wp\/v2\/comments?post=195"}],"version-history":[{"count":0,"href":"https:\/\/www.alimcocuk.com.tr\/en\/wp-json\/wp\/v2\/pages\/195\/revisions"}],"wp:attachment":[{"href":"https:\/\/www.alimcocuk.com.tr\/en\/wp-json\/wp\/v2\/media?parent=195"}],"curies":[{"name":"wp","href":"https:\/\/api.w.org\/{rel}","templated":true}]}}