{"id":19,"date":"2014-02-18T09:43:35","date_gmt":"2014-02-18T07:43:35","guid":{"rendered":"http:\/\/www.goldsoft.com.tr\/alimcocuk\/wordpress\/?page_id=19"},"modified":"2017-05-19T07:56:43","modified_gmt":"2017-05-19T04:56:43","slug":"yardim","status":"publish","type":"page","link":"https:\/\/www.alimcocuk.com.tr\/en\/yardim\/","title":{"rendered":"Yard\u0131m"},"content":{"rendered":"<p>&nbsp;<\/p>\n<p>\u201d<strong>Alim \u00c7ocuk CD\u2019sini kurdum yaln\u0131z program a\u00e7\u0131lm\u0131yor, RUNT\u0130ME hatas\u0131 veriyor?<\/strong>\u201d<\/p>\n<p>Alim \u00c7ocuk 3 Simgesine sa\u011f t\u0131klay\u0131n. \u00d6zelliklere &gt; Uyumluluk &gt; Uyumluluk Modu &gt; Bu program\u0131n \u00e7al\u0131\u015ft\u0131r\u0131laca\u011f\u0131 uyumluluk modu: \u0130\u015eARETLEY\u0130N &gt;Windows 7\u2019yi se\u00e7in.<\/p>\n<p>Bundan sonra ayn\u0131 k\u0131s\u0131mda, altta: T\u00fcm kullan\u0131c\u0131larda ayarlar\u0131 de\u011fi\u015ftir \u2018 e t\u0131klay\u0131n &gt; Bu program\u0131 y\u00f6netici olarak \u00e7al\u0131\u015ft\u0131r\u2019 \u0131 i\u015faretleyin.<\/p>\n<p>TAMAM diyerek kapat\u0131n.<\/p>\n<p>Sorununuz d\u00fczelecektir.<\/p>\n<p>&nbsp;<\/p>\n<p>\u201d<strong>Alim \u00c7ocuk CD\u2019sini kurdum yaln\u0131z Eposta adresim yok, ne yazaca\u011f\u0131m?<\/strong>\u201d<\/p>\n<p>K\u00fc\u00e7\u00fck harflerle \u201cisimsoyisim@gs.com\u201d yaz\u0131n\u0131z.<\/p>\n<p>@ i\u015faretini klavyeden \u015fu 3 tu\u015fa birlikte basarak yaz\u0131n\u0131z: CTRL-ALT-Q = @<\/p>\n<p>&nbsp;<\/p>\n<p>\u201d<strong>Bilgisayar\u0131mda CD-DVD ROM yok! Nas\u0131l y\u00fckleyece\u011fim?<\/strong>\u201d<\/p>\n<p>\u0130ND\u0130R\u0130LEB\u0130L\u0130R \u00dcR\u00dcN sat\u0131n alarak, Hemen indirip, CD\u2019siz Kargosuz y\u00fckleyebilirsiniz. \u201cwww.alimcocuk.com.tr\u201d ve \u201cwww.islamiyazilimlar.com\u201d websitelerimizdemizden \u0130ND\u0130R\u0130LEB\u0130L\u0130R \u00dcR\u00dcN alabilirsiniz.<\/p>\n<p>E\u011fer elinizde CD\u2019niz varsa \u015fu \u015fekilde yapabilirsiniz:<br \/>\n\u2013 CD nizdeki PROGRAMI, ba\u015fka bir bilgisayar arac\u0131l\u0131\u011f\u0131yla USB BELLE\u011e\u0130N\u0130ZE Kopyalay\u0131n. Getirip kendi bilgisayar\u0131n\u0131zda y\u00fckleyin.<br \/>\nNot: Tam olarak kopyalad\u0131\u011f\u0131n\u0131zdan emin olun. Eksik kopyalarsan\u0131z y\u00fcklemede sorunlar ya\u015fars\u0131n\u0131z.<br \/>\n\u201d<strong>Alim \u00c7ocuk 3 Program\u0131n\u0131 Nas\u0131l Y\u00fcklerim?<\/strong>\u201d<\/p>\n<p><strong>\u00c7\u00d6Z\u00dcM:<\/strong>\u00a0L\u00fctfen a\u015fa\u011f\u0131daki videoyu seyredin ve y\u00f6nergeleri uygulay\u0131n.<\/p>\n<p>&nbsp;<\/p>\n<p>&nbsp;<\/p>\n<p>\u201d<strong>Alim \u00c7ocuk 3 Program\u0131m A\u00e7\u0131lm\u0131yor. Ekranda bir resim kal\u0131yor?<\/strong>\u201d<\/p>\n<p><strong>\u00c7\u00d6Z\u00dcM:<\/strong>\u00a0L\u00fctfen \u015fu y\u00f6nergeleri uygulay\u0131n.<\/p>\n<p><a href=\"http:\/\/www.goldsoft.com.tr\/Guncelleme\">G\u00fcncelleme yapman\u0131z gerekmektedir. \u00d6ncelikle L\u00fctfen buraya t\u0131klayarak Alim \u00c7ocuk 3 g\u00fcncellemesini indirin ve kurun.<\/a><\/p>\n<p><strong><em>G\u00fcncellemeyi indirme imkan\u0131n\u0131z yoksa a\u015fa\u011f\u0131daki y\u00f6ntemi uygulay\u0131n;<\/em><\/strong><\/p>\n<p>-Ba\u015flat&gt;Denetim Masas\u0131&gt;Kullan\u0131c\u0131 Hesaplar\u0131&gt; Y\u00f6netici olarak oturum a\u00e7t\u0131\u011f\u0131n\u0131zdan emin olun.<\/p>\n<p>-Masa\u00fcst\u00fcndeki Alim \u00c7ocuk 3.0 simgesine sa\u011f t\u0131klay\u0131n&gt;<strong><em>\u00d6zellikler&gt;Uyumluluk&gt;T\u00fcm kullan\u0131c\u0131 ayarlar\u0131n\u0131 de\u011fi\u015ftir&gt;Ayr\u0131cal\u0131k D\u00fczeyi&gt;Bu Program\u0131 Y\u00f6netici olarak \u00e7al\u0131\u015ft\u0131r<\/em><\/strong>\u00a0i\u015faretleyiniz. B\u0130LG\u0130SAYARINIZI YEN\u0130DEN BA\u015eLATINIZ.<br \/>\nBelirti\u011finiz sorun \u00e7\u00f6z\u00fclecektir.<\/p>\n<p>&nbsp;<\/p>\n<p>\u201d<strong>Kurulum \u015eifresi Nedir?<\/strong>\u201d<\/p>\n<p>\u201cKurulum \u015eifresi=SeriNo=\u015eifre=\u00dcr\u00fcn Anahtar\u0131\u201d bu ifadelerin hepsi ayn\u0131d\u0131r ve hepsi \u015fifrenizi ifade etmektedir. Bu \u015eifre olmadan Program\u0131 kullanamazs\u0131n\u0131z.\u00a0Alim \u00c7ocuk 3 DVD kutusunun i\u00e7inin sa\u011f alt y\u00fcz\u00fcnde \u201cKurulum \u015eifresi\u201d diye yazan 12 haneli \u015fifredir. Bu \u015eifreyi Alim \u00c7ocuk Program\u0131n\u0131 kurduktan sonra \u201c\u015e\u0130FRE veya SER\u0130 NO veya \u00dcR\u00dcN ANAHTARI\u201d yazan k\u0131s\u0131ma yazman\u0131z gerekiyor. Probleminiz d\u00fczelecektir.<br \/>\n\u201d<strong>\u2018Hatal\u0131 \u00dcr\u00fcn Anahtar\u0131 Girdiniz\u2019 uyar\u0131s\u0131 \u00e7\u0131k\u0131yor, ne yapmal\u0131y\u0131m?<\/strong>\u201d<br \/>\n<strong>\u00dcr\u00fcn kodu = \u00dcr\u00fcn Anahtar\u0131 = \u015eifre = Seri No = Aktivasyon Kodu<\/strong>\u00a0ayn\u0131 anlamdad\u0131r ve\u00a0Alim \u00c7ocuk 3 \u015fifresini ifade etmektedir.<\/p>\n<p>Hatal\u0131 \u00fcr\u00fcn kodu uyar\u0131s\u0131 al\u0131yorsan\u0131z \u015eifrenizi silin ve tekrar \u015funlara dikkat ederek yaz\u0131n.<\/p>\n<ul>\n<li>\u015eifrede en s\u0131k kar\u015f\u0131la\u015f\u0131lan durum SIFIR rakam\u0131 ve \u201cO\u201d harfinin kar\u0131\u015ft\u0131r\u0131lmas\u0131d\u0131r.\u00a0\u0130\u00e7inde \u00e7izgi olan karakter SIFIR\u2019d\u0131r.\u0130\u00e7i bo\u015f olan karakter ise \u201cO\u201d harfidir.<\/li>\n<li>XXXX-XXXX-XXXX \u00a0\u015feklinde 4\u2019erli toplam 12 haneli rakam ve harflerden olu\u015fur. Aralar\u0131nda toplam 2 adet \u201c-\u201d tire vard\u0131r. Tireleri siz yazmayacaks\u0131n\u0131z.<\/li>\n<\/ul>\n<p>&nbsp;<\/p>\n<p>&nbsp;<\/p>\n<p>\u201d<strong>Oyunlar B\u00f6l\u00fcm\u00fcmde hi\u00e7bir Oyunu \u00c7al\u0131\u015ft\u0131rm\u0131yor?<\/strong>\u201d<br \/>\n<a href=\"http:\/\/www.goldsoft.com.tr\/Guncelleme\">\u00d6ncelikle L\u00fctfen buraya t\u0131klayarak Alim \u00c7ocuk 3 g\u00fcncellemesini indirin ve kurun.<\/a>\u00a0Sorununuz d\u00fczelecektir.<\/p>\n<p><strong><em>G\u00fcncellemeyi indirme imkan\u0131n\u0131z yoksa a\u015fa\u011f\u0131daki y\u00f6ntemi uygulay\u0131n;<\/em><\/strong><\/p>\n<p>Oyunlar b\u00f6l\u00fcm\u00fc veya herhangi bir b\u00f6l\u00fcm a\u00e7\u0131lm\u0131yor, ekranda \u00e7ocuk resimleri kal\u0131yor ise \u015funu uygulay\u0131n:<\/p>\n<p>Alim \u00c7ocuk program\u0131n\u0131 kapat\u0131n ve\u00a0\u201c<strong>C:\\Kullan\u0131c\u0131lar(veya Users)\\<u>OTURUMUZUNU-ADI<\/u>\\AppData\\Roaming\\AlimCocuk3.0.0\\Local Store<\/strong>\u201d girerek i\u00e7erisindeki b\u00fct\u00fcn \u00f6\u011feleri se\u00e7ip, ard\u0131ndan S\u0130L\u2019in.<\/p>\n<p>&nbsp;<br \/>\n\u201d<strong>Ekranda \u00e7ocuk resimleri kal\u0131yor, Ne yapmal\u0131y\u0131m?<\/strong>\u201d<br \/>\n<a href=\"http:\/\/www.goldsoft.com.tr\/Guncelleme\">L\u00fctfen buraya t\u0131klayarak Alim \u00c7ocuk 3 g\u00fcncellemesini indirin ve kurun.<\/a>\u00a0Sorununuz d\u00fczelecektir.<\/p>\n<p>&nbsp;<br \/>\n\u201d<strong>Alim \u00c7ocuk 3\u2019\u00fc her a\u00e7t\u0131\u011f\u0131mda \u015fifre istiyor, Ne yapmal\u0131y\u0131m?<\/strong>\u201d<br \/>\n<a href=\"http:\/\/www.goldsoft.com.tr\/Guncelleme\">L\u00fctfen buraya t\u0131klayarak Alim \u00c7ocuk 3 g\u00fcncellemesini indirin ve kurun.<\/a>\u00a0Sorununuz d\u00fczelecektir.<\/p>\n<p><strong><em>G\u00fcncellemeyi indirme imkan\u0131n\u0131z yoksa a\u015fa\u011f\u0131daki y\u00f6ntemi uygulay\u0131n;<\/em><\/strong><\/p>\n<p>Alim \u00c7ocuk program\u0131n\u0131 kapat\u0131n ve\u00a0\u201c<strong>C:\\Kullan\u0131c\u0131lar(veya Users)\\<u>OTURUMUZUNU-ADI<\/u>\\AppData\\Roaming\\AlimCocuk3.0.0\\Local Store<\/strong>\u201d girerek i\u00e7erisindeki b\u00fct\u00fcn \u00f6\u011feleri se\u00e7ip, ard\u0131ndan S\u0130L\u2019in.<\/p>\n<p>Sonra Alim \u00c7ocuk\u2019u tekrar \u00e7al\u0131\u015ft\u0131r\u0131p \u015fifrenizi ve bilgilerinizi girin. Sorun d\u00fczelecektir.<\/p>\n<p>&nbsp;<br \/>\n\u201d<strong>Elifba b\u00f6l\u00fcm\u00fcnde derslere t\u0131kl\u0131yorum a\u00e7\u0131lm\u0131yor?<\/strong>\u00a0\u201d<\/p>\n<p><a href=\"http:\/\/www.goldsoft.com.tr\/Guncelleme\">L\u00fctfen buraya t\u0131klayarak Alim \u00c7ocuk 3 g\u00fcncellemesini indirin ve kurun.<\/a>\u00a0Sorununuz d\u00fczelecektir.<\/p>\n<p><strong><em>G\u00fcncellemeyi indirme imkan\u0131n\u0131z yoksa a\u015fa\u011f\u0131daki y\u00f6ntemi uygulay\u0131n;<\/em><\/strong><\/p>\n<p>Alim \u00c7ocuk program\u0131n\u0131 kapat\u0131n ve\u00a0\u201c<strong>C:\\Kullan\u0131c\u0131lar(veya Users)\\<u>OTURUMUZUNU-ADI<\/u>\\AppData\\Roaming\\AlimCocuk3.0.0\\Local Store<\/strong>\u201d girerek i\u00e7erisindeki b\u00fct\u00fcn \u00f6\u011feleri se\u00e7ip, ard\u0131ndan S\u0130L\u2019in.<\/p>\n<p>&nbsp;<br \/>\n\u201d<strong>Alim \u00c7ocuk 3\u2019\u00fc yeniden kurmak istiyoruz ama CD\u2019yi Y\u00fcklemiyor, Hata veriyor?\u00a0<\/strong>\u201d<\/p>\n<p>E\u011fer daha \u00f6nce y\u00fcklemi\u015f ve kald\u0131rm\u0131\u015fsan\u0131z, tekrar kurmak istedi\u011finizde cd y\u00fcklemesinde hata al\u0131yorsan\u0131z, CD\u2019niz bozukmu\u015f, \u00e7izilmi\u015f vb. olmu\u015f olabilir. Tekrar CD sat\u0131n alman\u0131z gerekebilir. 0312 230 64 60 nolu telefonu aray\u0131n\u0131z.<\/p>\n<p>&nbsp;<\/p>\n<p>\u201d<strong>Alim \u00c7ocuk 3\u2019\u00fc ilk defa kuruyorum ama y\u00fcklemeye ba\u015flam\u0131yor, CD bo\u015f g\u00f6steriyor?<\/strong>\u201d<\/p>\n<p>Baz\u0131 bilgisayarlarda CD ve DVD s\u00fcr\u00fcc\u00fcleri \u00f6mr\u00fcn\u00fc bitirmi\u015f oldu\u011fundan baz\u0131 CD ve DVD\u2019leri okuyamamaktad\u0131r. Tamamen CD-DVD s\u00fcr\u00fcc\u00fcs\u00fcnden kaynakl\u0131 bir durumdur. L\u00fctfen elinizdeki CD\u2019yi iade etmeyin veya kaybetmeyin.<\/p>\n<p>\u00c7\u00f6z\u00fcm olarak \u015funu yap\u0131n; Ba\u015fka bir bilgisayara CD\u2019yi yerle\u015ftirin. USB belle\u011finize CD\u2019nin i\u00e7eri\u011fini tamamen kopyalay\u0131n. B\u00f6ylece kendi bilgisayar\u0131n\u0131za USB Bellek sayesinde Program\u0131 y\u00fckleyebilirsiniz.<\/p>\n<p>&nbsp;<\/p>\n<p>\u201d<strong>\u0130ndirilebilir \u00fcr\u00fcn ald\u0131m, \u015eifremin iptal olmamas\u0131 i\u00e7in Neye dikkat etmem laz\u0131m?<\/strong>\u201d<\/p>\n<p>\u00dcr\u00fcn\u00fc indirece\u011finiz bilgisayar ve ortam\u0131n genel ve herkese a\u00e7\u0131k olmayan yerler olmamas\u0131na dikkat edin. \u00dcr\u00fcn\u00a0<strong>L\u0130NK\u0130 ve \u015e\u0130FREN\u0130Z\u00a0<\/strong>sizin bilgilerinize kay\u0131tl\u0131d\u0131r. Kendinize ait veya y\u00fckleyece\u011finiz bilgisayar adedi s\u0131n\u0131rl\u0131d\u0131r. Bu 3 adet ki\u015finin kendi ne ait bilgisayar\u0131 \u015feklindedir.(Masa\u00fcst\u00fc, Notebook,Netbook)<\/p>\n<p>Aksi durumda \u00dcr\u00fcn\u00fcn\u00fcz\u00fcn ve \u015eifrenizin iptal olmas\u0131 ve kullan\u0131lamaz olmas\u0131 s\u00f6z konudur.<\/p>\n<p>&nbsp;<\/p>\n<p>\u201d<strong>Kedi Tut Fare Ka\u00e7 Oyununda hata veriyor, ne yapmal\u0131y\u0131m?<\/strong>\u201d<\/p>\n<p><strong><a href=\"http:\/\/www.alimcocuk.com.tr\/wp-content\/uploads\/ALC366.swf\">Buraya t\u0131klayarak Yamay\u0131 indirin.<\/a><\/strong>\u00a0\u0130ndirdi\u011finiz Yamay\u0131 a\u015fa\u011f\u0131daki belirtilen yere y\u00fckleyiniz.<strong><br \/>\n<\/strong>\u201cC: \\ Program Files (x86) \\ GOLDSOFT YAZILIM \\ Alim\u00c7OCUK 3.0 \\ MDL \\ GMS\u201d dizinine yap\u0131\u015ft\u0131r\u0131n ve \u201cKopyala ve De\u011fi\u015ftir\u201d deyin.<\/p>\n<p>Bu esnada \u201cHedef Klas\u00f6re Eri\u015fim Engellendi\u201d diye bir hata al\u0131rsan\u0131z \u201cDevam\u201d butonuna t\u0131klay\u0131n. \u0130\u015flem bu kadar, oyununuza hatas\u0131z devam edebilirsiniz.<\/p>\n<p>&nbsp;<\/p>\n<p>&nbsp;<\/p>\n<p>&nbsp;<\/p>\n<p>&nbsp;<\/p>","protected":false},"excerpt":{"rendered":"<p>&nbsp; \u201dAlim \u00c7ocuk CD\u2019sini kurdum yaln\u0131z program a\u00e7\u0131lm\u0131yor, RUNT\u0130ME hatas\u0131 veriyor?\u201d Alim \u00c7ocuk 3 Simgesine sa\u011f t\u0131klay\u0131n. \u00d6zelliklere &gt; Uyumluluk<\/p>","protected":false},"author":1,"featured_media":0,"parent":0,"menu_order":3,"comment_status":"closed","ping_status":"open","template":"","meta":{"footnotes":"","_joinchat":[]},"aioseo_notices":[],"_links":{"self":[{"href":"https:\/\/www.alimcocuk.com.tr\/en\/wp-json\/wp\/v2\/pages\/19"}],"collection":[{"href":"https:\/\/www.alimcocuk.com.tr\/en\/wp-json\/wp\/v2\/pages"}],"about":[{"href":"https:\/\/www.alimcocuk.com.tr\/en\/wp-json\/wp\/v2\/types\/page"}],"author":[{"embeddable":true,"href":"https:\/\/www.alimcocuk.com.tr\/en\/wp-json\/wp\/v2\/users\/1"}],"replies":[{"embeddable":true,"href":"https:\/\/www.alimcocuk.com.tr\/en\/wp-json\/wp\/v2\/comments?post=19"}],"version-history":[{"count":0,"href":"https:\/\/www.alimcocuk.com.tr\/en\/wp-json\/wp\/v2\/pages\/19\/revisions"}],"wp:attachment":[{"href":"https:\/\/www.alimcocuk.com.tr\/en\/wp-json\/wp\/v2\/media?parent=19"}],"curies":[{"name":"wp","href":"https:\/\/api.w.org\/{rel}","templated":true}]}}