{"id":1792,"date":"2017-05-11T16:51:18","date_gmt":"2017-05-11T13:51:18","guid":{"rendered":"http:\/\/www.sahanet.net\/alimcocuk\/?page_id=1792"},"modified":"2017-05-18T11:12:24","modified_gmt":"2017-05-18T08:12:24","slug":"alim-cocuk-3-0-bilgisayarinizin-isletim-sistemini-secin-mac-icin","status":"publish","type":"page","link":"https:\/\/www.alimcocuk.com.tr\/en\/alim-cocuk-3-0-bilgisayarinizin-isletim-sistemini-secin-mac-icin\/","title":{"rendered":"Alim \u00c7ocuk 3.0 Bilgisayar\u0131n\u0131z\u0131n \u0130\u015fletim Sistemini Se\u00e7in-MAC i\u00e7in"},"content":{"rendered":"[vc_row][vc_column][vc_column_text]\n<h2 style=\"text-align: center;\">Bilgisayar\u0131n\u0131z\u0131n \u0130\u015fletim Sistemini Se\u00e7in<\/h2>\n[\/vc_column_text][\/vc_column][\/vc_row][vc_row][vc_column width=&#8221;1\/6&#8243;][\/vc_column][vc_column width=&#8221;1\/6&#8243;][ultimate_spacer height=&#8221;270&#8243; height_on_tabs_portrait=&#8221;50&#8243; height_on_mob_landscape=&#8221;10&#8243; height_on_mob=&#8221;10&#8243;][vc_column_text]\n<p style=\"text-align: right;\"><strong>Windows<\/strong><\/p>\n<p style=\"text-align: right;\">Windows bilgisayarlar varsa sipari\u015f vermek i\u00e7in l\u00fctfen <span style=\"color: #33cccc;\"><a href=\"https:\/\/www.alimcocuk.com.tr\/en\/alim-cocuk-3-0-bilgisayarinizin-isletim-sistemini-secin\/\">t\u0131klay\u0131n<\/a>.<\/span><\/p>\n[\/vc_column_text][\/vc_column][vc_column width=&#8221;2\/6&#8243;][vc_column_text]<a class=\"dt-single-image\" href=\"http:\/\/www.sahanet.net\/alimcocuk\/wp-content\/uploads\/kutu.jpg\" data-dt-img-description=\"\"><img decoding=\"async\" loading=\"lazy\" class=\"aligncenter size-full wp-image-1583\" src=\"http:\/\/www.sahanet.net\/alimcocuk\/wp-content\/uploads\/kutu.jpg\" alt=\"\" width=\"291\" height=\"460\" srcset=\"https:\/\/www.alimcocuk.com.tr\/wp-content\/uploads\/kutu.jpg 291w, https:\/\/www.alimcocuk.com.tr\/wp-content\/uploads\/kutu-150x237.jpg 150w, https:\/\/www.alimcocuk.com.tr\/wp-content\/uploads\/kutu-190x300.jpg 190w\" sizes=\"(max-width: 291px) 100vw, 291px\" \/><\/a>[\/vc_column_text][\/vc_column][vc_column width=&#8221;2\/6&#8243;][vc_column_text]Alim \u00c7ocuk 3.0<\/p>\n<h3><strong>Apple MAC<\/strong><\/h3>\n<p>Bu s\u00fcr\u00fcm a\u015fa\u011f\u0131daki i\u015fletim sistemli laptoplarda<br \/>\nve masa\u00fcst\u00fc bilgisayarlarda \u00e7al\u0131\u015f\u0131r.<\/p>\n<p>Leopard<br \/>\nSnow Leopard<br \/>\nLion<br \/>\nMountain Lion<br \/>\nYosemite[\/vc_column_text][dt_button link=&#8221;\/alim-cocuk-3-0-bilgisayarinizin-isletim-sistemini-secin\/?add-to-cart=1791&#8243; size=&#8221;medium&#8221; bg_color_style=&#8221;custom&#8221; bg_color=&#8221;#1e73be&#8221; text_color_style=&#8221;custom&#8221; text_color=&#8221;#ffffff&#8221;]Se\u00e7in[\/dt_button][vc_column_text]Ba\u015flang\u0131\u00e7 Fiyat\u0131<br \/>\n25,00 TL[\/vc_column_text][\/vc_column][\/vc_row][vc_row][vc_column][vc_column_text]\n<p style=\"text-align: center;\">Contact this number <strong><span style=\"color: #33cccc;\">0312 230 64 60<\/span><\/strong> for purchase assistance.<\/p>\n[\/vc_column_text][ultimate_spacer height=&#8221;30&#8243;][ultimate_spacer height=&#8221;15&#8243;][\/vc_column][\/vc_row][vc_row type=&#8221;vc_default&#8221; bg_type=&#8221;bg_color&#8221; bg_override=&#8221;full&#8221; bg_color_value=&#8221;#e6e7d9&#8243; css=&#8221;.vc_custom_1489236936117{padding-bottom: -70px !important;}&#8221;][vc_column width=&#8221;1\/6&#8243; css=&#8221;.vc_custom_1489234454372{margin-left: -50px !important;}&#8221;][\/vc_column][vc_column width=&#8221;3\/6&#8243;][ultimate_spacer height=&#8221;30&#8243;][dt_fancy_title title=&#8221;Kurumsal ve Toplu Sipari\u015fleriniz i\u00e7in &#8221; title_align=&#8221;left&#8221; title_size=&#8221;h3&#8243; separator_style=&#8221;disabled&#8221;][dt_fancy_title title=&#8221;F\u0130YAT TEKL\u0130F\u0130 ALIN&#8221; title_align=&#8221;left&#8221; title_size=&#8221;h2&#8243; title_color=&#8221;custom&#8221; separator_style=&#8221;disabled&#8221; custom_title_color=&#8221;#000000&#8243;][vc_column_text]\n<p>\u00d6zel E\u011fitim Kurumlar\u0131, Kur\u2019an kurlar\u0131 taraf\u0131ndan kullan\u0131lan bu program\u0131 S\u0131n\u0131flar\u0131n\u0131zdaki bilgisayarlara kurulumunu yapt\u0131rmak veya \u00f6\u011frencilerinize hediye etmek isterseniz, bizi aray\u0131n \u00f6zel fiyat tekliflerinden ve avantajlar\u0131ndan yararlan\u0131n.<\/p>\n<p>(0312) 230 64 60 \/ Mobil : (0555) 962 73 55[\/vc_column_text][\/vc_column][vc_column width=&#8221;4\/12&#8243;][vc_column_text]\n<p><img decoding=\"async\" loading=\"lazy\" class=\"aligncenter wp-image-1567 size-medium\" src=\"http:\/\/www.sahanet.net\/alimcocuk\/wp-content\/uploads\/alimcocuk-168x300.png\" alt=\"\" width=\"168\" height=\"300\" \/>[\/vc_column_text][\/vc_column][\/vc_row]","protected":false},"excerpt":{"rendered":"<p>[vc_row][vc_column][vc_column_text] Bilgisayar\u0131n\u0131z\u0131n \u0130\u015fletim Sistemini Se\u00e7in [\/vc_column_text][\/vc_column][\/vc_row][vc_row][vc_column width=&#8221;1\/6&#8243;][\/vc_column][vc_column width=&#8221;1\/6&#8243;][ultimate_spacer height=&#8221;270&#8243; height_on_tabs_portrait=&#8221;50&#8243; height_on_mob_landscape=&#8221;10&#8243; height_on_mob=&#8221;10&#8243;][vc_column_text] Windows Windows bilgisayarlar varsa sipari\u015f vermek i\u00e7in l\u00fctfen<\/p>","protected":false},"author":1,"featured_media":0,"parent":0,"menu_order":0,"comment_status":"closed","ping_status":"closed","template":"","meta":{"footnotes":"","_joinchat":[]},"aioseo_notices":[],"_links":{"self":[{"href":"https:\/\/www.alimcocuk.com.tr\/en\/wp-json\/wp\/v2\/pages\/1792"}],"collection":[{"href":"https:\/\/www.alimcocuk.com.tr\/en\/wp-json\/wp\/v2\/pages"}],"about":[{"href":"https:\/\/www.alimcocuk.com.tr\/en\/wp-json\/wp\/v2\/types\/page"}],"author":[{"embeddable":true,"href":"https:\/\/www.alimcocuk.com.tr\/en\/wp-json\/wp\/v2\/users\/1"}],"replies":[{"embeddable":true,"href":"https:\/\/www.alimcocuk.com.tr\/en\/wp-json\/wp\/v2\/comments?post=1792"}],"version-history":[{"count":0,"href":"https:\/\/www.alimcocuk.com.tr\/en\/wp-json\/wp\/v2\/pages\/1792\/revisions"}],"wp:attachment":[{"href":"https:\/\/www.alimcocuk.com.tr\/en\/wp-json\/wp\/v2\/media?parent=1792"}],"curies":[{"name":"wp","href":"https:\/\/api.w.org\/{rel}","templated":true}]}}