{"id":1656,"date":"2017-04-25T00:26:33","date_gmt":"2017-04-24T21:26:33","guid":{"rendered":"http:\/\/www.sahanet.net\/alimcocuk\/?page_id=1656"},"modified":"2017-05-25T20:03:23","modified_gmt":"2017-05-25T17:03:23","slug":"alim-cocuk-3-0-bilgisayarinizin-isletim-sistemini-secin","status":"publish","type":"page","link":"https:\/\/www.alimcocuk.com.tr\/en\/alim-cocuk-3-0-bilgisayarinizin-isletim-sistemini-secin\/","title":{"rendered":"Alim \u00c7ocuk 3.0 Bilgisayar\u0131n\u0131z\u0131n \u0130\u015fletim Sistemini Se\u00e7in"},"content":{"rendered":"[vc_row][vc_column][vc_column_text]\n<h2 style=\"text-align: center;\">Bilgisayar\u0131n\u0131z\u0131n \u0130\u015fletim Sistemini Se\u00e7in<\/h2>\n[\/vc_column_text][\/vc_column][\/vc_row][vc_row][vc_column width=&#8221;2\/6&#8243;][vc_column_text]\n<p style=\"text-align: right;\">\n<p style=\"text-align: right;\">\n<p style=\"text-align: right;\">Alim \u00c7ocuk 3.0<br \/>\n<strong>Windows<\/strong><\/p>\n<p style=\"text-align: right;\">Bu s\u00fcr\u00fcm a\u015fa\u011f\u0131daki i\u015fletim sistemli laptoplarda<br \/>\nve masa\u00fcst\u00fc bilgisayarlarda \u00e7al\u0131\u015f\u0131r.<\/p>\n<p style=\"text-align: right;\">Windows 10<br \/>\nWindows 8.1<br \/>\nWindows 8<br \/>\nWindows 7<\/p>\n[\/vc_column_text][dt_button el_class=&#8221;pcSelectBtn&#8221; link=&#8221;\/alim-cocuk-3-0-bilgisayarinizin-isletim-sistemini-secin\/?add-to-cart=377&#8243; button_alignment=&#8221;center&#8221; size=&#8221;medium&#8221; bg_color_style=&#8221;custom&#8221; bg_color=&#8221;#1e73be&#8221; text_color_style=&#8221;custom&#8221; text_color=&#8221;#ffffff&#8221;]Se\u00e7in[\/dt_button][vc_column_text el_class=&#8221;clearBoth&#8221;]\n<p style=\"text-align: right;\">Ba\u015flang\u0131\u00e7 Fiyat\u0131<br \/>\n25,00 TL<\/p>\n[\/vc_column_text][\/vc_column][vc_column width=&#8221;2\/6&#8243;][vc_column_text]<a class=\"dt-single-image\" href=\"http:\/\/www.sahanet.net\/alimcocuk\/wp-content\/uploads\/kutu.jpg\" data-dt-img-description=\"\"><img decoding=\"async\" loading=\"lazy\" class=\"aligncenter size-full wp-image-1583\" src=\"http:\/\/www.sahanet.net\/alimcocuk\/wp-content\/uploads\/kutu.jpg\" alt=\"\" width=\"291\" height=\"460\" srcset=\"https:\/\/www.alimcocuk.com.tr\/wp-content\/uploads\/kutu.jpg 291w, https:\/\/www.alimcocuk.com.tr\/wp-content\/uploads\/kutu-150x237.jpg 150w, https:\/\/www.alimcocuk.com.tr\/wp-content\/uploads\/kutu-190x300.jpg 190w\" sizes=\"(max-width: 291px) 100vw, 291px\" \/><\/a>[\/vc_column_text][\/vc_column][vc_column width=&#8221;1\/6&#8243;][ultimate_spacer height=&#8221;270&#8243; height_on_tabs_portrait=&#8221;50&#8243; height_on_mob_landscape=&#8221;10&#8243; height_on_mob=&#8221;10&#8243;][vc_column_text]\n<p style=\"text-align: left;\"><strong>Mac OS<\/strong><\/p>\n<p style=\"text-align: left;\">Apple bilgisayarlar i\u00e7in sipari\u015f verin.<\/p>\n<p style=\"text-align: left;\">L\u00fctfen <span style=\"color: #33cccc;\"><a href=\"https:\/\/www.alimcocuk.com.tr\/en\/alim-cocuk-3-0-bilgisayarinizin-isletim-sistemini-secin-mac-icin\/\">t\u0131klay\u0131n<\/a>.<\/span><\/p>\n[\/vc_column_text][\/vc_column][vc_column width=&#8221;1\/6&#8243;][\/vc_column][\/vc_row][vc_row][vc_column][vc_column_text]\n<p style=\"text-align: center;\">Contact this number <strong><span style=\"color: #33cccc;\">0312 230 64 60<\/span><\/strong> for purchase assistance.<\/p>\n[\/vc_column_text][ultimate_spacer height=&#8221;30&#8243;][ultimate_spacer height=&#8221;15&#8243;][\/vc_column][\/vc_row][vc_row type=&#8221;vc_default&#8221; bg_type=&#8221;bg_color&#8221; bg_override=&#8221;full&#8221; bg_color_value=&#8221;#e6e7d9&#8243; css=&#8221;.vc_custom_1489236936117{padding-bottom: -70px !important;}&#8221;][vc_column width=&#8221;1\/6&#8243; css=&#8221;.vc_custom_1489234454372{margin-left: -50px !important;}&#8221;][\/vc_column][vc_column width=&#8221;3\/6&#8243;][ultimate_spacer height=&#8221;30&#8243;][dt_fancy_title title=&#8221;Kurumsal ve Toplu Sipari\u015fleriniz i\u00e7in &#8221; title_align=&#8221;left&#8221; title_size=&#8221;h3&#8243; separator_style=&#8221;disabled&#8221;][dt_fancy_title title=&#8221;F\u0130YAT TEKL\u0130F\u0130 ALIN&#8221; title_align=&#8221;left&#8221; title_size=&#8221;h2&#8243; title_color=&#8221;custom&#8221; separator_style=&#8221;disabled&#8221; custom_title_color=&#8221;#000000&#8243;][vc_column_text]\n<p>\u00d6zel E\u011fitim Kurumlar\u0131, Kur\u2019an kurlar\u0131 taraf\u0131ndan kullan\u0131lan bu program\u0131 S\u0131n\u0131flar\u0131n\u0131zdaki bilgisayarlara kurulumunu yapt\u0131rmak veya \u00f6\u011frencilerinize hediye etmek isterseniz, bizi aray\u0131n \u00f6zel fiyat tekliflerinden ve avantajlar\u0131ndan yararlan\u0131n.<\/p>\n<p>(0312) 230 64 60 \/ Mobil : (0555) 962 73 55[\/vc_column_text][\/vc_column][vc_column width=&#8221;4\/12&#8243;][vc_column_text]\n<p><img decoding=\"async\" loading=\"lazy\" class=\"aligncenter wp-image-1567 size-medium\" src=\"http:\/\/www.sahanet.net\/alimcocuk\/wp-content\/uploads\/alimcocuk-168x300.png\" alt=\"\" width=\"168\" height=\"300\" \/>[\/vc_column_text][\/vc_column][\/vc_row]","protected":false},"excerpt":{"rendered":"<p>[vc_row][vc_column][vc_column_text] Bilgisayar\u0131n\u0131z\u0131n \u0130\u015fletim Sistemini Se\u00e7in [\/vc_column_text][\/vc_column][\/vc_row][vc_row][vc_column width=&#8221;2\/6&#8243;][vc_column_text] Alim \u00c7ocuk 3.0 Windows Bu s\u00fcr\u00fcm a\u015fa\u011f\u0131daki i\u015fletim sistemli laptoplarda ve masa\u00fcst\u00fc bilgisayarlarda<\/p>","protected":false},"author":1,"featured_media":0,"parent":0,"menu_order":0,"comment_status":"closed","ping_status":"closed","template":"","meta":{"footnotes":"","_joinchat":[]},"aioseo_notices":[],"_links":{"self":[{"href":"https:\/\/www.alimcocuk.com.tr\/en\/wp-json\/wp\/v2\/pages\/1656"}],"collection":[{"href":"https:\/\/www.alimcocuk.com.tr\/en\/wp-json\/wp\/v2\/pages"}],"about":[{"href":"https:\/\/www.alimcocuk.com.tr\/en\/wp-json\/wp\/v2\/types\/page"}],"author":[{"embeddable":true,"href":"https:\/\/www.alimcocuk.com.tr\/en\/wp-json\/wp\/v2\/users\/1"}],"replies":[{"embeddable":true,"href":"https:\/\/www.alimcocuk.com.tr\/en\/wp-json\/wp\/v2\/comments?post=1656"}],"version-history":[{"count":0,"href":"https:\/\/www.alimcocuk.com.tr\/en\/wp-json\/wp\/v2\/pages\/1656\/revisions"}],"wp:attachment":[{"href":"https:\/\/www.alimcocuk.com.tr\/en\/wp-json\/wp\/v2\/media?parent=1656"}],"curies":[{"name":"wp","href":"https:\/\/api.w.org\/{rel}","templated":true}]}}