{"id":144,"date":"2014-03-07T15:18:44","date_gmt":"2014-03-07T13:18:44","guid":{"rendered":"http:\/\/www.alimcocuk.com.tr\/?page_id=144"},"modified":"2014-03-10T16:49:25","modified_gmt":"2014-03-10T14:49:25","slug":"indir-paylas","status":"publish","type":"page","link":"https:\/\/www.alimcocuk.com.tr\/en\/indir-paylas\/","title":{"rendered":"Indir-Paylas"},"content":{"rendered":"<p><span style=\"line-height: 1.5em;\">[row class=&#8221;row-fluid&#8221;]<\/span><\/p>\n[col class=&#8221;span4&#8243;]\n<div id=\"attachment_145\" style=\"width: 310px\" class=\"wp-caption alignnone\"><a href=\"http:\/\/www.alimcocuk.com.tr\/wp-content\/uploads\/1.jpg\" target=\"_blank\"><img aria-describedby=\"caption-attachment-145\" decoding=\"async\" loading=\"lazy\" class=\"size-medium wp-image-145\" alt=\"Alim \u00c7ocuk Masa\u00fcst\u00fc Resmi \u0130ndir\" src=\"http:\/\/www.alimcocuk.com.tr\/wp-content\/uploads\/1-300x193.jpg\" width=\"300\" height=\"193\" srcset=\"https:\/\/www.alimcocuk.com.tr\/wp-content\/uploads\/1-300x193.jpg 300w, https:\/\/www.alimcocuk.com.tr\/wp-content\/uploads\/1-380x244.jpg 380w, https:\/\/www.alimcocuk.com.tr\/wp-content\/uploads\/1-1024x658.jpg 1024w, https:\/\/www.alimcocuk.com.tr\/wp-content\/uploads\/1.jpg 1200w\" sizes=\"(max-width: 300px) 100vw, 300px\" \/><\/a><p id=\"caption-attachment-145\" class=\"wp-caption-text\">Download Alim \u00c7ocuk Wallpaper<\/p><\/div>\n[\/col]<br class=\"nc\" \/>[col class=&#8221;span4&#8243;]\n<div id=\"attachment_146\" style=\"width: 310px\" class=\"wp-caption alignnone\"><a href=\"http:\/\/www.alimcocuk.com.tr\/wp-content\/uploads\/2.jpg\" target=\"_blank\"><img aria-describedby=\"caption-attachment-146\" decoding=\"async\" loading=\"lazy\" class=\"size-medium wp-image-146\" alt=\"Alim \u00c7ocuk Masa\u00fcst\u00fc Resmi \u0130ndir\" src=\"http:\/\/www.alimcocuk.com.tr\/wp-content\/uploads\/2-300x214.jpg\" width=\"300\" height=\"214\" srcset=\"https:\/\/www.alimcocuk.com.tr\/wp-content\/uploads\/2-300x214.jpg 300w, https:\/\/www.alimcocuk.com.tr\/wp-content\/uploads\/2-380x271.jpg 380w, https:\/\/www.alimcocuk.com.tr\/wp-content\/uploads\/2-1024x731.jpg 1024w, https:\/\/www.alimcocuk.com.tr\/wp-content\/uploads\/2.jpg 1200w\" sizes=\"(max-width: 300px) 100vw, 300px\" \/><\/a><p id=\"caption-attachment-146\" class=\"wp-caption-text\">Download Alim \u00c7ocuk Wallpaper<\/p><\/div>\n[\/col]<br class=\"nc\" \/>[col class=&#8221;span4&#8243;]\n<div id=\"attachment_147\" style=\"width: 310px\" class=\"wp-caption alignnone\"><a href=\"http:\/\/www.alimcocuk.com.tr\/wp-content\/uploads\/3.jpg\" target=\"_blank\"><img aria-describedby=\"caption-attachment-147\" decoding=\"async\" loading=\"lazy\" class=\"size-medium wp-image-147\" alt=\"Alim \u00c7ocuk Masa\u00fcst\u00fc Resmi \u0130ndir\" src=\"http:\/\/www.alimcocuk.com.tr\/wp-content\/uploads\/3-300x225.jpg\" width=\"300\" height=\"225\" srcset=\"https:\/\/www.alimcocuk.com.tr\/wp-content\/uploads\/3-300x225.jpg 300w, https:\/\/www.alimcocuk.com.tr\/wp-content\/uploads\/3-380x285.jpg 380w, https:\/\/www.alimcocuk.com.tr\/wp-content\/uploads\/3-1024x768.jpg 1024w, https:\/\/www.alimcocuk.com.tr\/wp-content\/uploads\/3.jpg 1600w\" sizes=\"(max-width: 300px) 100vw, 300px\" \/><\/a><p id=\"caption-attachment-147\" class=\"wp-caption-text\">Download Alim \u00c7ocuk Wallpaper<\/p><\/div>\n[\/col]<br class=\"nc\" \/>[\/row]\n[row class=&#8221;row-fluid&#8221;]<br class=\"nc\" \/>[col class=&#8221;span4&#8243;]\n<div id=\"attachment_148\" style=\"width: 310px\" class=\"wp-caption alignnone\"><a href=\"http:\/\/www.alimcocuk.com.tr\/wp-content\/uploads\/4.jpg\" target=\"_blank\"><img aria-describedby=\"caption-attachment-148\" decoding=\"async\" loading=\"lazy\" class=\"size-medium wp-image-148\" alt=\"Alim \u00c7ocuk Masa\u00fcst\u00fc Resmi \u0130ndir\" src=\"http:\/\/www.alimcocuk.com.tr\/wp-content\/uploads\/4-300x225.jpg\" width=\"300\" height=\"225\" srcset=\"https:\/\/www.alimcocuk.com.tr\/wp-content\/uploads\/4-300x225.jpg 300w, https:\/\/www.alimcocuk.com.tr\/wp-content\/uploads\/4-380x285.jpg 380w, https:\/\/www.alimcocuk.com.tr\/wp-content\/uploads\/4-1024x768.jpg 1024w, https:\/\/www.alimcocuk.com.tr\/wp-content\/uploads\/4.jpg 1600w\" sizes=\"(max-width: 300px) 100vw, 300px\" \/><\/a><p id=\"caption-attachment-148\" class=\"wp-caption-text\">Download Alim \u00c7ocuk Wallpaper<\/p><\/div>\n[\/col]<br class=\"nc\" \/>[col class=&#8221;span4&#8243;]\n<div id=\"attachment_149\" style=\"width: 310px\" class=\"wp-caption alignnone\"><a href=\"http:\/\/www.alimcocuk.com.tr\/wp-content\/uploads\/5.jpg\" target=\"_blank\"><img aria-describedby=\"caption-attachment-149\" decoding=\"async\" loading=\"lazy\" class=\"size-medium wp-image-149\" alt=\"Alim \u00c7ocuk Masa\u00fcst\u00fc Resmi \u0130ndir\" src=\"http:\/\/www.alimcocuk.com.tr\/wp-content\/uploads\/5-300x225.jpg\" width=\"300\" height=\"225\" srcset=\"https:\/\/www.alimcocuk.com.tr\/wp-content\/uploads\/5-300x225.jpg 300w, https:\/\/www.alimcocuk.com.tr\/wp-content\/uploads\/5-380x285.jpg 380w, https:\/\/www.alimcocuk.com.tr\/wp-content\/uploads\/5-1024x768.jpg 1024w, https:\/\/www.alimcocuk.com.tr\/wp-content\/uploads\/5.jpg 1600w\" sizes=\"(max-width: 300px) 100vw, 300px\" \/><\/a><p id=\"caption-attachment-149\" class=\"wp-caption-text\">Download Alim \u00c7ocuk Wallpaper<\/p><\/div>\n[\/col]<br class=\"nc\" \/>[col class=&#8221;span4&#8243;]\n<div id=\"attachment_150\" style=\"width: 310px\" class=\"wp-caption alignnone\"><a href=\"http:\/\/www.alimcocuk.com.tr\/wp-content\/uploads\/6.jpg\" target=\"_blank\"><img aria-describedby=\"caption-attachment-150\" decoding=\"async\" loading=\"lazy\" class=\"size-medium wp-image-150\" alt=\"Alim \u00c7ocuk Masa\u00fcst\u00fc Resmi \u0130ndir\" src=\"http:\/\/www.alimcocuk.com.tr\/wp-content\/uploads\/6-300x225.jpg\" width=\"300\" height=\"225\" srcset=\"https:\/\/www.alimcocuk.com.tr\/wp-content\/uploads\/6-300x225.jpg 300w, https:\/\/www.alimcocuk.com.tr\/wp-content\/uploads\/6-380x285.jpg 380w, https:\/\/www.alimcocuk.com.tr\/wp-content\/uploads\/6-1024x768.jpg 1024w, https:\/\/www.alimcocuk.com.tr\/wp-content\/uploads\/6.jpg 1600w\" sizes=\"(max-width: 300px) 100vw, 300px\" \/><\/a><p id=\"caption-attachment-150\" class=\"wp-caption-text\">Download Alim \u00c7ocuk Wallpaper<\/p><\/div>\n[\/col]<br class=\"nc\" \/>[\/row]","protected":false},"excerpt":{"rendered":"<p>[row class=&#8221;row-fluid&#8221;] [col class=&#8221;span4&#8243;] [\/col][col class=&#8221;span4&#8243;] [\/col][col class=&#8221;span4&#8243;] [\/col][\/row] [row class=&#8221;row-fluid&#8221;][col class=&#8221;span4&#8243;] [\/col][col class=&#8221;span4&#8243;] [\/col][col class=&#8221;span4&#8243;] [\/col][\/row]<\/p>","protected":false},"author":1,"featured_media":0,"parent":0,"menu_order":0,"comment_status":"closed","ping_status":"open","template":"page-template-full.php","meta":{"footnotes":"","_joinchat":[]},"aioseo_notices":[],"_links":{"self":[{"href":"https:\/\/www.alimcocuk.com.tr\/en\/wp-json\/wp\/v2\/pages\/144"}],"collection":[{"href":"https:\/\/www.alimcocuk.com.tr\/en\/wp-json\/wp\/v2\/pages"}],"about":[{"href":"https:\/\/www.alimcocuk.com.tr\/en\/wp-json\/wp\/v2\/types\/page"}],"author":[{"embeddable":true,"href":"https:\/\/www.alimcocuk.com.tr\/en\/wp-json\/wp\/v2\/users\/1"}],"replies":[{"embeddable":true,"href":"https:\/\/www.alimcocuk.com.tr\/en\/wp-json\/wp\/v2\/comments?post=144"}],"version-history":[{"count":0,"href":"https:\/\/www.alimcocuk.com.tr\/en\/wp-json\/wp\/v2\/pages\/144\/revisions"}],"wp:attachment":[{"href":"https:\/\/www.alimcocuk.com.tr\/en\/wp-json\/wp\/v2\/media?parent=144"}],"curies":[{"name":"wp","href":"https:\/\/api.w.org\/{rel}","templated":true}]}}