{"id":13,"date":"2014-02-18T09:06:17","date_gmt":"2014-02-18T07:06:17","guid":{"rendered":"http:\/\/www.goldsoft.com.tr\/alimcocuk\/wordpress\/?page_id=13"},"modified":"2014-02-18T09:11:55","modified_gmt":"2014-02-18T07:11:55","slug":"haberler","status":"publish","type":"page","link":"https:\/\/www.alimcocuk.com.tr\/en\/haberler\/","title":{"rendered":"Haberler"},"content":{"rendered":"<p>Kal\u0131c\u0131 Ba\u011flantKal\u0131c\u0131 Ba\u011flantKal\u0131c\u0131 Ba\u011flantKal\u0131c\u0131 Ba\u011flantKal\u0131c\u0131 Ba\u011flantKal\u0131c\u0131 Ba\u011flantKal\u0131c\u0131 Ba\u011flantKal\u0131c\u0131 Ba\u011flantKal\u0131c\u0131 Ba\u011flantKal\u0131c\u0131 Ba\u011flantKal\u0131c\u0131 Ba\u011flantKal\u0131c\u0131 Ba\u011flantKal\u0131c\u0131 Ba\u011flantKal\u0131c\u0131 Ba\u011flantKal\u0131c\u0131 Ba\u011flantKal\u0131c\u0131 Ba\u011flantKal\u0131c\u0131 Ba\u011flantKal\u0131c\u0131 Ba\u011flantKal\u0131c\u0131 Ba\u011flantKal\u0131c\u0131 Ba\u011flantKal\u0131c\u0131 Ba\u011flantKal\u0131c\u0131 Ba\u011flantKal\u0131c\u0131 Ba\u011flantKal\u0131c\u0131 Ba\u011flantKal\u0131c\u0131 Ba\u011flantKal\u0131c\u0131 Ba\u011flantKal\u0131c\u0131 Ba\u011flantKal\u0131c\u0131 Ba\u011flantKal\u0131c\u0131 Ba\u011flantKal\u0131c\u0131 Ba\u011flantKal\u0131c\u0131 Ba\u011flantKal\u0131c\u0131 Ba\u011flantKal\u0131c\u0131 Ba\u011flantKal\u0131c\u0131 Ba\u011flantKal\u0131c\u0131 Ba\u011flantKal\u0131c\u0131 Ba\u011flantKal\u0131c\u0131 Ba\u011flantKal\u0131c\u0131 Ba\u011flantKal\u0131c\u0131 Ba\u011flantKal\u0131c\u0131 Ba\u011flantKal\u0131c\u0131 Ba\u011flantKal\u0131c\u0131 Ba\u011flantKal\u0131c\u0131 Ba\u011flantKal\u0131c\u0131 Ba\u011flantKal\u0131c\u0131 Ba\u011flantKal\u0131c\u0131 Ba\u011flantKal\u0131c\u0131 Ba\u011flantKal\u0131c\u0131 Ba\u011flantKal\u0131c\u0131 Ba\u011flantKal\u0131c\u0131 Ba\u011flantKal\u0131c\u0131 Ba\u011flantKal\u0131c\u0131 Ba\u011flantKal\u0131c\u0131 Ba\u011flantKal\u0131c\u0131 Ba\u011flantKal\u0131c\u0131 Ba\u011flantKal\u0131c\u0131 Ba\u011flantKal\u0131c\u0131 Ba\u011flantKal\u0131c\u0131 Ba\u011flantKal\u0131c\u0131 Ba\u011flantKal\u0131c\u0131 Ba\u011flantKal\u0131c\u0131 Ba\u011flantKal\u0131c\u0131 Ba\u011flantKal\u0131c\u0131 Ba\u011flantKal\u0131c\u0131 Ba\u011flantKal\u0131c\u0131 Ba\u011flantKal\u0131c\u0131 Ba\u011flantKal\u0131c\u0131 Ba\u011flantKal\u0131c\u0131 Ba\u011flantKal\u0131c\u0131 Ba\u011flantKal\u0131c\u0131 Ba\u011flantKal\u0131c\u0131 Ba\u011flantKal\u0131c\u0131 Ba\u011flantKal\u0131c\u0131 Ba\u011flantKal\u0131c\u0131 Ba\u011flantKal\u0131c\u0131 Ba\u011flantKal\u0131c\u0131 Ba\u011flantKal\u0131c\u0131 Ba\u011flantKal\u0131c\u0131 Ba\u011flantKal\u0131c\u0131 Ba\u011flantKal\u0131c\u0131 Ba\u011flantKal\u0131c\u0131 Ba\u011flantKal\u0131c\u0131 Ba\u011flantKal\u0131c\u0131 Ba\u011flantKal\u0131c\u0131 Ba\u011flantKal\u0131c\u0131 Ba\u011flantKal\u0131c\u0131 Ba\u011flantKal\u0131c\u0131 Ba\u011flantKal\u0131c\u0131 Ba\u011flantKal\u0131c\u0131 Ba\u011flantKal\u0131c\u0131 Ba\u011flantKal\u0131c\u0131 Ba\u011flantKal\u0131c\u0131 Ba\u011flantKal\u0131c\u0131 Ba\u011flantKal\u0131c\u0131 Ba\u011flantKal\u0131c\u0131 Ba\u011flantKal\u0131c\u0131 Ba\u011flantKal\u0131c\u0131 Ba\u011flantKal\u0131c\u0131 Ba\u011flantKal\u0131c\u0131 Ba\u011flantKal\u0131c\u0131 Ba\u011flantKal\u0131c\u0131 Ba\u011flantKal\u0131c\u0131 Ba\u011flantKal\u0131c\u0131 Ba\u011flantKal\u0131c\u0131 Ba\u011flantKal\u0131c\u0131 Ba\u011flantKal\u0131c\u0131 Ba\u011flantKal\u0131c\u0131 Ba\u011flantKal\u0131c\u0131 Ba\u011flantKal\u0131c\u0131 Ba\u011flantKal\u0131c\u0131 Ba\u011flantKal\u0131c\u0131 Ba\u011flantKal\u0131c\u0131 Ba\u011flantKal\u0131c\u0131 Ba\u011flantKal\u0131c\u0131 Ba\u011flantKal\u0131c\u0131 Ba\u011flantKal\u0131c\u0131 Ba\u011flantKal\u0131c\u0131 Ba\u011flantKal\u0131c\u0131 Ba\u011flantKal\u0131c\u0131 Ba\u011flantKal\u0131c\u0131 Ba\u011flantKal\u0131c\u0131 Ba\u011flantKal\u0131c\u0131 Ba\u011flantKal\u0131c\u0131 Ba\u011flantKal\u0131c\u0131 Ba\u011flantKal\u0131c\u0131 Ba\u011flantKal\u0131c\u0131 Ba\u011flantKal\u0131c\u0131 Ba\u011flantKal\u0131c\u0131 Ba\u011flantKal\u0131c\u0131 Ba\u011flantKal\u0131c\u0131 Ba\u011flantKal\u0131c\u0131 Ba\u011flantKal\u0131c\u0131 Ba\u011flantKal\u0131c\u0131 Ba\u011flantKal\u0131c\u0131 Ba\u011flantKal\u0131c\u0131 Ba\u011flantKal\u0131c\u0131 Ba\u011flantKal\u0131c\u0131 Ba\u011flantKal\u0131c\u0131 Ba\u011flantKal\u0131c\u0131 Ba\u011flantKal\u0131c\u0131 Ba\u011flantKal\u0131c\u0131 Ba\u011flantKal\u0131c\u0131 Ba\u011flantKal\u0131c\u0131 Ba\u011flantKal\u0131c\u0131 Ba\u011flantKal\u0131c\u0131 Ba\u011flantKal\u0131c\u0131 Ba\u011flantKal\u0131c\u0131 Ba\u011flantKal\u0131c\u0131 Ba\u011flantKal\u0131c\u0131 Ba\u011flantKal\u0131c\u0131 Ba\u011flantKal\u0131c\u0131 Ba\u011flantKal\u0131c\u0131 Ba\u011flantKal\u0131c\u0131 Ba\u011flantKal\u0131c\u0131 Ba\u011flantKal\u0131c\u0131 Ba\u011flantKal\u0131c\u0131 Ba\u011flantKal\u0131c\u0131 Ba\u011flantKal\u0131c\u0131 Ba\u011flantKal\u0131c\u0131 Ba\u011flantKal\u0131c\u0131 Ba\u011flantKal\u0131c\u0131 Ba\u011flantKal\u0131c\u0131 Ba\u011flantKal\u0131c\u0131 Ba\u011flantKal\u0131c\u0131 Ba\u011flantKal\u0131c\u0131 Ba\u011flantKal\u0131c\u0131 Ba\u011flantKal\u0131c\u0131 Ba\u011flantKal\u0131c\u0131 Ba\u011flantKal\u0131c\u0131 Ba\u011flantKal\u0131c\u0131 Ba\u011flantKal\u0131c\u0131 Ba\u011flantKal\u0131c\u0131 Ba\u011flantKal\u0131c\u0131 Ba\u011flantKal\u0131c\u0131 Ba\u011flantKal\u0131c\u0131 Ba\u011flantKal\u0131c\u0131 Ba\u011flantKal\u0131c\u0131 Ba\u011flantKal\u0131c\u0131 Ba\u011flantKal\u0131c\u0131 Ba\u011flantKal\u0131c\u0131 Ba\u011flantKal\u0131c\u0131 Ba\u011flantKal\u0131c\u0131 Ba\u011flantKal\u0131c\u0131 Ba\u011flantKal\u0131c\u0131 Ba\u011flantKal\u0131c\u0131 Ba\u011flantKal\u0131c\u0131 Ba\u011flantKal\u0131c\u0131 Ba\u011flantKal\u0131c\u0131 Ba\u011flantKal\u0131c\u0131 Ba\u011flantKal\u0131c\u0131 Ba\u011flantKal\u0131c\u0131 Ba\u011flantKal\u0131c\u0131 Ba\u011flantKal\u0131c\u0131 Ba\u011flantKal\u0131c\u0131 Ba\u011flantKal\u0131c\u0131 Ba\u011flantKal\u0131c\u0131 Ba\u011flantKal\u0131c\u0131 Ba\u011flantKal\u0131c\u0131 Ba\u011flantKal\u0131c\u0131 Ba\u011flantKal\u0131c\u0131 Ba\u011flantKal\u0131c\u0131 Ba\u011flantKal\u0131c\u0131 Ba\u011flantKal\u0131c\u0131 Ba\u011flantKal\u0131c\u0131 Ba\u011flantKal\u0131c\u0131 Ba\u011flantKal\u0131c\u0131 Ba\u011flantKal\u0131c\u0131 Ba\u011flantKal\u0131c\u0131 Ba\u011flantKal\u0131c\u0131 Ba\u011flantKal\u0131c\u0131 Ba\u011flant<\/p>","protected":false},"excerpt":{"rendered":"<p>Kal\u0131c\u0131 Ba\u011flantKal\u0131c\u0131 Ba\u011flantKal\u0131c\u0131 Ba\u011flantKal\u0131c\u0131 Ba\u011flantKal\u0131c\u0131 Ba\u011flantKal\u0131c\u0131 Ba\u011flantKal\u0131c\u0131 Ba\u011flantKal\u0131c\u0131 Ba\u011flantKal\u0131c\u0131 Ba\u011flantKal\u0131c\u0131 Ba\u011flantKal\u0131c\u0131 Ba\u011flantKal\u0131c\u0131 Ba\u011flantKal\u0131c\u0131 Ba\u011flantKal\u0131c\u0131 Ba\u011flantKal\u0131c\u0131 Ba\u011flantKal\u0131c\u0131 Ba\u011flantKal\u0131c\u0131 Ba\u011flantKal\u0131c\u0131 Ba\u011flantKal\u0131c\u0131 Ba\u011flantKal\u0131c\u0131<\/p>","protected":false},"author":1,"featured_media":0,"parent":0,"menu_order":0,"comment_status":"open","ping_status":"open","template":"","meta":{"footnotes":"","_joinchat":[]},"aioseo_notices":[],"_links":{"self":[{"href":"https:\/\/www.alimcocuk.com.tr\/en\/wp-json\/wp\/v2\/pages\/13"}],"collection":[{"href":"https:\/\/www.alimcocuk.com.tr\/en\/wp-json\/wp\/v2\/pages"}],"about":[{"href":"https:\/\/www.alimcocuk.com.tr\/en\/wp-json\/wp\/v2\/types\/page"}],"author":[{"embeddable":true,"href":"https:\/\/www.alimcocuk.com.tr\/en\/wp-json\/wp\/v2\/users\/1"}],"replies":[{"embeddable":true,"href":"https:\/\/www.alimcocuk.com.tr\/en\/wp-json\/wp\/v2\/comments?post=13"}],"version-history":[{"count":0,"href":"https:\/\/www.alimcocuk.com.tr\/en\/wp-json\/wp\/v2\/pages\/13\/revisions"}],"wp:attachment":[{"href":"https:\/\/www.alimcocuk.com.tr\/en\/wp-json\/wp\/v2\/media?parent=13"}],"curies":[{"name":"wp","href":"https:\/\/api.w.org\/{rel}","templated":true}]}}