{"id":1179,"date":"2015-12-23T13:01:36","date_gmt":"2015-12-23T11:01:36","guid":{"rendered":"http:\/\/www.alimcocuk.com.tr\/?page_id=1179"},"modified":"2015-12-23T13:01:36","modified_gmt":"2015-12-23T11:01:36","slug":"yorumlar","status":"publish","type":"page","link":"https:\/\/www.alimcocuk.com.tr\/en\/yorumlar\/","title":{"rendered":"Yorumlar"},"content":{"rendered":"<div class=\"symple-testimonial  symple-fadein\"><div class=\"symple-testimonial-content symple-clearfix\"><p>Program ve i\u00e7erik \u00e7ok g\u00fczel olmu\u015f 04 ya\u015f ile 14 ya\u015fa kadar islami bilgi geli\u015fim ve beceri i\u00e7in yetenek geli\u015ftirici bir program olmu\u015f. \u0130n\u015fallah istifade eden hoca arkada\u015flar \u00e7ok olur b\u00f6yle bu programda eme\u011fi ge\u00e7en t\u00fcm \u00fcstatlar\u0131m\u0131zdan allah raz\u0131 olsun.<\/p>\n<\/div><div class=\"symple-testimonial-author\">Alim \u00c7ocuk 3.0 i\u00e7in<\/div><\/div>","protected":false},"excerpt":{"rendered":"","protected":false},"author":1,"featured_media":0,"parent":0,"menu_order":100000,"comment_status":"closed","ping_status":"closed","template":"page-template-full.php","meta":{"footnotes":"","_joinchat":[]},"aioseo_notices":[],"_links":{"self":[{"href":"https:\/\/www.alimcocuk.com.tr\/en\/wp-json\/wp\/v2\/pages\/1179"}],"collection":[{"href":"https:\/\/www.alimcocuk.com.tr\/en\/wp-json\/wp\/v2\/pages"}],"about":[{"href":"https:\/\/www.alimcocuk.com.tr\/en\/wp-json\/wp\/v2\/types\/page"}],"author":[{"embeddable":true,"href":"https:\/\/www.alimcocuk.com.tr\/en\/wp-json\/wp\/v2\/users\/1"}],"replies":[{"embeddable":true,"href":"https:\/\/www.alimcocuk.com.tr\/en\/wp-json\/wp\/v2\/comments?post=1179"}],"version-history":[{"count":0,"href":"https:\/\/www.alimcocuk.com.tr\/en\/wp-json\/wp\/v2\/pages\/1179\/revisions"}],"wp:attachment":[{"href":"https:\/\/www.alimcocuk.com.tr\/en\/wp-json\/wp\/v2\/media?parent=1179"}],"curies":[{"name":"wp","href":"https:\/\/api.w.org\/{rel}","templated":true}]}}